{"id":7176,"date":"2024-02-12T21:35:26","date_gmt":"2024-02-12T21:35:26","guid":{"rendered":"https:\/\/etac.ca\/?page_id=7176"},"modified":"2024-09-05T08:16:28","modified_gmt":"2024-09-05T13:16:28","slug":"switchgear-services","status":"publish","type":"page","link":"https:\/\/etac.ca\/es\/switchgear-services\/","title":{"rendered":"Celdas De Servicios"},"content":{"rendered":"<div data-elementor-type=\"wp-page\" data-elementor-id=\"7176\" class=\"elementor elementor-7176\" data-elementor-post-type=\"page\">\n\t\t\t\t<div class=\"elementor-element elementor-element-ac2a8ab e-flex e-con-boxed e-con e-parent\" data-id=\"ac2a8ab\" data-element_type=\"container\" data-e-type=\"container\" data-settings=\"{&quot;background_background&quot;:&quot;classic&quot;}\">\n\t\t\t\t\t<div class=\"e-con-inner\">\n\t\t\t\t<div class=\"elementor-element elementor-element-e44fdb6 elementor-widget elementor-widget-heading\" data-id=\"e44fdb6\" data-element_type=\"widget\" data-e-type=\"widget\" data-widget_type=\"heading.default\">\n\t\t\t\t<div class=\"elementor-widget-container\">\n\t\t\t\t\t<h1 class=\"elementor-heading-title elementor-size-default\">Celdas De Servicios<\/h1>\t\t\t\t<\/div>\n\t\t\t\t<\/div>\n\t\t\t\t\t<\/div>\n\t\t\t\t<\/div>\n\t\t<div class=\"elementor-element elementor-element-d5d415b e-flex e-con-boxed e-con e-parent\" data-id=\"d5d415b\" data-element_type=\"container\" data-e-type=\"container\">\n\t\t\t\t\t<div class=\"e-con-inner\">\n\t\t<div class=\"elementor-element elementor-element-536ef0d e-con-full e-flex e-con e-child\" data-id=\"536ef0d\" data-element_type=\"container\" data-e-type=\"container\" data-settings=\"{&quot;background_background&quot;:&quot;classic&quot;}\">\n\t\t\t\t<div class=\"elementor-element elementor-element-c1305ec elementor-widget elementor-widget-text-editor\" data-id=\"c1305ec\" data-element_type=\"widget\" data-e-type=\"widget\" data-widget_type=\"text-editor.default\">\n\t\t\t\t<div class=\"elementor-widget-container\">\n\t\t\t\t\t\t\t\t\t<p>Celdas De Servicios De La Celda Servicios<\/p>\t\t\t\t\t\t\t\t<\/div>\n\t\t\t\t<\/div>\n\t\t\t\t<div class=\"elementor-element elementor-element-de1342b elementor-widget-tablet__width-initial elementor-widget elementor-widget-image\" data-id=\"de1342b\" data-element_type=\"widget\" data-e-type=\"widget\" data-widget_type=\"image.default\">\n\t\t\t\t<div class=\"elementor-widget-container\">\n\t\t\t\t\t\t\t\t\t\t\t\t<figure class=\"wp-caption\">\n\t\t\t\t\t\t\t\t\t\t<img fetchpriority=\"high\" decoding=\"async\" width=\"3504\" height=\"4656\" src=\"https:\/\/etac.ca\/wp-content\/uploads\/2024\/02\/Switchgear-testing.jpg\" class=\"attachment-full size-full wp-image-7198\" alt=\"ETAC Switchgear testing\" \/>\t\t\t\t\t\t\t\t\t\t\t<figcaption class=\"widget-image-caption wp-caption-text\">ETAC Celdas de Inspecci\u00f3n<\/figcaption>\n\t\t\t\t\t\t\t\t\t\t<\/figure>\n\t\t\t\t\t\t\t\t\t<\/div>\n\t\t\t\t<\/div>\n\t\t\t\t<\/div>\n\t\t<div class=\"elementor-element elementor-element-356e3d4 e-con-full e-flex e-con e-child\" data-id=\"356e3d4\" data-element_type=\"container\" data-e-type=\"container\">\n\t\t\t\t<div class=\"elementor-element elementor-element-287054a elementor-widget-tablet__width-inherit elementor-widget__width-inherit elementor-icon-list--layout-traditional elementor-list-item-link-full_width elementor-widget elementor-widget-icon-list\" data-id=\"287054a\" data-element_type=\"widget\" data-e-type=\"widget\" data-widget_type=\"icon-list.default\">\n\t\t\t\t<div class=\"elementor-widget-container\">\n\t\t\t\t\t\t\t<ul class=\"elementor-icon-list-items\">\n\t\t\t\t\t\t\t<li class=\"elementor-icon-list-item\">\n\t\t\t\t\t\t\t\t\t\t\t<span class=\"elementor-icon-list-icon\">\n\t\t\t\t\t\t\t<i aria-hidden=\"true\" class=\"icon icon-engineer\"><\/i>\t\t\t\t\t\t<\/span>\n\t\t\t\t\t\t\t\t\t\t<span class=\"elementor-icon-list-text\">Experimentados Profesionales El\u00e9ctricos<\/span>\n\t\t\t\t\t\t\t\t\t<\/li>\n\t\t\t\t\t\t\t\t<li class=\"elementor-icon-list-item\">\n\t\t\t\t\t\t\t\t\t\t\t<span class=\"elementor-icon-list-icon\">\n\t\t\t\t\t\t\t<i aria-hidden=\"true\" class=\"icon icon-flash\"><\/i>\t\t\t\t\t\t<\/span>\n\t\t\t\t\t\t\t\t\t\t<span class=\"elementor-icon-list-text\">Tiempos De Respuesta R\u00e1pidos<\/span>\n\t\t\t\t\t\t\t\t\t<\/li>\n\t\t\t\t\t\t<\/ul>\n\t\t\t\t\t\t<\/div>\n\t\t\t\t<\/div>\n\t\t\t\t<div class=\"elementor-element elementor-element-0c26bfe elementor-widget elementor-widget-text-editor\" data-id=\"0c26bfe\" data-element_type=\"widget\" data-e-type=\"widget\" data-widget_type=\"text-editor.default\">\n\t\t\t\t<div class=\"elementor-widget-container\">\n\t\t\t\t\t\t\t\t\t<div id=\"comp-lpcy9e5d\" class=\"BaOVQ8 tz5f0K comp-lpcy9e5d wixui-rich-text\" data-testid=\"richTextElement\"><div id=\"comp-lpju7ifl10\" class=\"BaOVQ8 tz5f0K comp-lpju7ifl10 wixui-rich-text\" data-testid=\"richTextElement\"><p class=\"font_8 wixui-rich-text__text\"><span style=\"font-weight: 400;\">En ETAC Servicio y Suministro, entendemos el papel fundamental aparamenta de jugar en sus operaciones. Con el fin de optimizar el rendimiento, identificar los posibles problemas, y validar el cumplimiento de los requisitos normativos, ofrecemos una completa y cuidadosamente dise\u00f1adas suite de pruebas. De mantenimiento de rutina para la primera puesta en marcha, nuestros servicios est\u00e1n hechos para satisfacer sus necesidades espec\u00edficas, mientras que minimiza el tiempo de inactividad y maximizar la eficiencia. <\/span><\/p><\/div><\/div>\t\t\t\t\t\t\t\t<\/div>\n\t\t\t\t<\/div>\n\t\t\t\t<div class=\"elementor-element elementor-element-165cfe7 elementor-widget elementor-widget-heading\" data-id=\"165cfe7\" data-element_type=\"widget\" data-e-type=\"widget\" data-widget_type=\"heading.default\">\n\t\t\t\t<div class=\"elementor-widget-container\">\n\t\t\t\t\t<h2 class=\"elementor-heading-title elementor-size-default\">ETAC Celdas de Servicios<\/h2>\t\t\t\t<\/div>\n\t\t\t\t<\/div>\n\t\t\t\t<div class=\"elementor-element elementor-element-bbe2c11 elementor-widget elementor-widget-text-editor\" data-id=\"bbe2c11\" data-element_type=\"widget\" data-e-type=\"widget\" data-widget_type=\"text-editor.default\">\n\t\t\t\t<div class=\"elementor-widget-container\">\n\t\t\t\t\t\t\t\t\t<p><span class=\"ui-provider a b c d e f g h i j k l m n o p q r s t u v w x y z ab ac ae af ag ah ai aj ak\" dir=\"ltr\"><strong>Celdas De Servicios<\/strong>\u00a0<\/span><\/p><ul><li>Rel\u00e9 de Instalaci\u00f3n y Configuraci\u00f3n<\/li><li>Interruptor De Configuraci\u00f3n<\/li><li><span class=\"ui-provider a b c d e f g h i j k l m n o p q r s t u v w x y z ab ac ae af ag ah ai aj ak\" dir=\"ltr\">Barrido IR<\/span><\/li><li><span class=\"ui-provider a b c d e f g h i j k l m n o p q r s t u v w x y z ab ac ae af ag ah ai aj ak\" dir=\"ltr\">La Inspecci\u00f3n De Campo<\/span><\/li><\/ul>\t\t\t\t\t\t\t\t<\/div>\n\t\t\t\t<\/div>\n\t\t\t\t<div class=\"elementor-element elementor-element-a1d0d31 elementor-align-center elementor-widget elementor-widget-button\" data-id=\"a1d0d31\" data-element_type=\"widget\" data-e-type=\"widget\" data-widget_type=\"button.default\">\n\t\t\t\t<div class=\"elementor-widget-container\">\n\t\t\t\t\t\t\t\t\t<div class=\"elementor-button-wrapper\">\n\t\t\t\t\t<a class=\"elementor-button elementor-button-link elementor-size-sm\" href=\"https:\/\/etac.ca\/es\/contact-us\/\">\n\t\t\t\t\t\t<span class=\"elementor-button-content-wrapper\">\n\t\t\t\t\t\t\t\t\t<span class=\"elementor-button-text\">SOLICITAR COTIZACI\u00d3N<\/span>\n\t\t\t\t\t<\/span>\n\t\t\t\t\t<\/a>\n\t\t\t\t<\/div>\n\t\t\t\t\t\t\t\t<\/div>\n\t\t\t\t<\/div>\n\t\t\t\t<\/div>\n\t\t\t\t\t<\/div>\n\t\t\t\t<\/div>\n\t\t\t\t<\/div>","protected":false},"excerpt":{"rendered":"<p>Switchgear Services Switchgear Services ETAC Switchgear Inspection Experienced Electrical Professionals Quick Response Times At ETAC Service and Supply, we understand the critical role switchgears play in your operations. In order to optimize performance, identify potential issues, and validate compliance with regulatory requirements, we offer a thorough and thoughtfully designed suite of tests. From routine maintenance [&hellip;]<\/p>\n","protected":false},"author":9,"featured_media":0,"parent":0,"menu_order":0,"comment_status":"closed","ping_status":"closed","template":"elementor_header_footer","meta":{"footnotes":""},"class_list":["post-7176","page","type-page","status-publish","hentry"],"yoast_head":"<!-- This site is optimized with the Yoast SEO plugin v27.4 - https:\/\/yoast.com\/product\/yoast-seo-wordpress\/ -->\n<title>Switchgear Services - ETAC Service &amp; Supply Inc.<\/title>\n<meta name=\"description\" content=\"ETAC&#039;s Switchgear Services offer comprehensive solutions to optimize performance, identify issues, and ensure compliance. From maintenance to commissioning, our expert services cater to your specific needs for maximum efficiency.\" \/>\n<meta name=\"robots\" content=\"index, follow, max-snippet:-1, max-image-preview:large, max-video-preview:-1\" \/>\n<link rel=\"canonical\" href=\"https:\/\/etac.ca\/es\/switchgear-services\/\" \/>\n<meta property=\"og:locale\" content=\"es_ES\" \/>\n<meta property=\"og:type\" content=\"article\" \/>\n<meta property=\"og:title\" content=\"Switchgear Services - ETAC Service &amp; Supply Inc.\" \/>\n<meta property=\"og:description\" content=\"ETAC&#039;s Switchgear Services offer comprehensive solutions to optimize performance, identify issues, and ensure compliance. From maintenance to commissioning, our expert services cater to your specific needs for maximum efficiency.\" \/>\n<meta property=\"og:url\" content=\"https:\/\/etac.ca\/es\/switchgear-services\/\" \/>\n<meta property=\"og:site_name\" content=\"ETAC Service &amp; Supply Inc.\" \/>\n<meta property=\"article:modified_time\" content=\"2024-09-05T13:16:28+00:00\" \/>\n<meta property=\"og:image\" content=\"https:\/\/etac.ca\/wp-content\/uploads\/2024\/02\/Switchgear-testing.jpg\" \/>\n<meta name=\"twitter:card\" content=\"summary_large_image\" \/>\n<meta name=\"twitter:label1\" content=\"Tiempo de lectura\" \/>\n\t<meta name=\"twitter:data1\" content=\"1 minuto\" \/>\n<script type=\"application\/ld+json\" class=\"yoast-schema-graph\">{\"@context\":\"https:\\\/\\\/schema.org\",\"@graph\":[{\"@type\":\"WebPage\",\"@id\":\"https:\\\/\\\/etac.ca\\\/switchgear-services\\\/\",\"url\":\"https:\\\/\\\/etac.ca\\\/switchgear-services\\\/\",\"name\":\"Switchgear Services - ETAC Service &amp; Supply Inc.\",\"isPartOf\":{\"@id\":\"https:\\\/\\\/74.208.204.112\\\/#website\"},\"primaryImageOfPage\":{\"@id\":\"https:\\\/\\\/etac.ca\\\/switchgear-services\\\/#primaryimage\"},\"image\":{\"@id\":\"https:\\\/\\\/etac.ca\\\/switchgear-services\\\/#primaryimage\"},\"thumbnailUrl\":\"https:\\\/\\\/etac.ca\\\/wp-content\\\/uploads\\\/2024\\\/02\\\/Switchgear-testing.jpg\",\"datePublished\":\"2024-02-12T21:35:26+00:00\",\"dateModified\":\"2024-09-05T13:16:28+00:00\",\"description\":\"ETAC's Switchgear Services offer comprehensive solutions to optimize performance, identify issues, and ensure compliance. From maintenance to commissioning, our expert services cater to your specific needs for maximum efficiency.\",\"breadcrumb\":{\"@id\":\"https:\\\/\\\/etac.ca\\\/switchgear-services\\\/#breadcrumb\"},\"inLanguage\":\"es\",\"potentialAction\":[{\"@type\":\"ReadAction\",\"target\":[\"https:\\\/\\\/etac.ca\\\/switchgear-services\\\/\"]}]},{\"@type\":\"ImageObject\",\"inLanguage\":\"es\",\"@id\":\"https:\\\/\\\/etac.ca\\\/switchgear-services\\\/#primaryimage\",\"url\":\"https:\\\/\\\/etac.ca\\\/wp-content\\\/uploads\\\/2024\\\/02\\\/Switchgear-testing.jpg\",\"contentUrl\":\"https:\\\/\\\/etac.ca\\\/wp-content\\\/uploads\\\/2024\\\/02\\\/Switchgear-testing.jpg\"},{\"@type\":\"BreadcrumbList\",\"@id\":\"https:\\\/\\\/etac.ca\\\/switchgear-services\\\/#breadcrumb\",\"itemListElement\":[{\"@type\":\"ListItem\",\"position\":1,\"name\":\"Home\",\"item\":\"https:\\\/\\\/etac.ca\\\/\"},{\"@type\":\"ListItem\",\"position\":2,\"name\":\"Switchgear Services\"}]},{\"@type\":\"WebSite\",\"@id\":\"https:\\\/\\\/74.208.204.112\\\/#website\",\"url\":\"https:\\\/\\\/74.208.204.112\\\/\",\"name\":\"ETAC Service and Supply Inc.\",\"description\":\"Electrical Testing Apparatus Commissioning Service and Supply\",\"publisher\":{\"@id\":\"https:\\\/\\\/74.208.204.112\\\/#organization\"},\"potentialAction\":[{\"@type\":\"SearchAction\",\"target\":{\"@type\":\"EntryPoint\",\"urlTemplate\":\"https:\\\/\\\/74.208.204.112\\\/?s={search_term_string}\"},\"query-input\":{\"@type\":\"PropertyValueSpecification\",\"valueRequired\":true,\"valueName\":\"search_term_string\"}}],\"inLanguage\":\"es\"},{\"@type\":\"Organization\",\"@id\":\"https:\\\/\\\/74.208.204.112\\\/#organization\",\"name\":\"ETAC Service and Supply Inc.\",\"url\":\"https:\\\/\\\/74.208.204.112\\\/\",\"logo\":{\"@type\":\"ImageObject\",\"inLanguage\":\"es\",\"@id\":\"https:\\\/\\\/74.208.204.112\\\/#\\\/schema\\\/logo\\\/image\\\/\",\"url\":\"http:\\\/\\\/74.208.204.112\\\/wp-content\\\/uploads\\\/2023\\\/05\\\/symbol-logo.svg\",\"contentUrl\":\"http:\\\/\\\/74.208.204.112\\\/wp-content\\\/uploads\\\/2023\\\/05\\\/symbol-logo.svg\",\"width\":100,\"height\":100,\"caption\":\"ETAC Service and Supply Inc.\"},\"image\":{\"@id\":\"https:\\\/\\\/74.208.204.112\\\/#\\\/schema\\\/logo\\\/image\\\/\"}}]}<\/script>\n<!-- \/ Yoast SEO plugin. -->","yoast_head_json":{"title":"Switchgear Services - ETAC Service &amp; Supply Inc.","description":"ETAC's Switchgear Services offer comprehensive solutions to optimize performance, identify issues, and ensure compliance. From maintenance to commissioning, our expert services cater to your specific needs for maximum efficiency.","robots":{"index":"index","follow":"follow","max-snippet":"max-snippet:-1","max-image-preview":"max-image-preview:large","max-video-preview":"max-video-preview:-1"},"canonical":"https:\/\/etac.ca\/es\/switchgear-services\/","og_locale":"es_ES","og_type":"article","og_title":"Switchgear Services - ETAC Service &amp; Supply Inc.","og_description":"ETAC's Switchgear Services offer comprehensive solutions to optimize performance, identify issues, and ensure compliance. From maintenance to commissioning, our expert services cater to your specific needs for maximum efficiency.","og_url":"https:\/\/etac.ca\/es\/switchgear-services\/","og_site_name":"ETAC Service &amp; Supply Inc.","article_modified_time":"2024-09-05T13:16:28+00:00","og_image":[{"url":"https:\/\/etac.ca\/wp-content\/uploads\/2024\/02\/Switchgear-testing.jpg","type":"","width":"","height":""}],"twitter_card":"summary_large_image","twitter_misc":{"Tiempo de lectura":"1 minuto"},"schema":{"@context":"https:\/\/schema.org","@graph":[{"@type":"WebPage","@id":"https:\/\/etac.ca\/switchgear-services\/","url":"https:\/\/etac.ca\/switchgear-services\/","name":"Switchgear Services - ETAC Service &amp; Supply Inc.","isPartOf":{"@id":"https:\/\/74.208.204.112\/#website"},"primaryImageOfPage":{"@id":"https:\/\/etac.ca\/switchgear-services\/#primaryimage"},"image":{"@id":"https:\/\/etac.ca\/switchgear-services\/#primaryimage"},"thumbnailUrl":"https:\/\/etac.ca\/wp-content\/uploads\/2024\/02\/Switchgear-testing.jpg","datePublished":"2024-02-12T21:35:26+00:00","dateModified":"2024-09-05T13:16:28+00:00","description":"ETAC's Switchgear Services offer comprehensive solutions to optimize performance, identify issues, and ensure compliance. From maintenance to commissioning, our expert services cater to your specific needs for maximum efficiency.","breadcrumb":{"@id":"https:\/\/etac.ca\/switchgear-services\/#breadcrumb"},"inLanguage":"es","potentialAction":[{"@type":"ReadAction","target":["https:\/\/etac.ca\/switchgear-services\/"]}]},{"@type":"ImageObject","inLanguage":"es","@id":"https:\/\/etac.ca\/switchgear-services\/#primaryimage","url":"https:\/\/etac.ca\/wp-content\/uploads\/2024\/02\/Switchgear-testing.jpg","contentUrl":"https:\/\/etac.ca\/wp-content\/uploads\/2024\/02\/Switchgear-testing.jpg"},{"@type":"BreadcrumbList","@id":"https:\/\/etac.ca\/switchgear-services\/#breadcrumb","itemListElement":[{"@type":"ListItem","position":1,"name":"Home","item":"https:\/\/etac.ca\/"},{"@type":"ListItem","position":2,"name":"Switchgear Services"}]},{"@type":"WebSite","@id":"https:\/\/74.208.204.112\/#website","url":"https:\/\/74.208.204.112\/","name":"ETAC Service and Supply Inc.","description":"Electrical Testing Apparatus Commissioning Service and Supply","publisher":{"@id":"https:\/\/74.208.204.112\/#organization"},"potentialAction":[{"@type":"SearchAction","target":{"@type":"EntryPoint","urlTemplate":"https:\/\/74.208.204.112\/?s={search_term_string}"},"query-input":{"@type":"PropertyValueSpecification","valueRequired":true,"valueName":"search_term_string"}}],"inLanguage":"es"},{"@type":"Organization","@id":"https:\/\/74.208.204.112\/#organization","name":"ETAC Service and Supply Inc.","url":"https:\/\/74.208.204.112\/","logo":{"@type":"ImageObject","inLanguage":"es","@id":"https:\/\/74.208.204.112\/#\/schema\/logo\/image\/","url":"http:\/\/74.208.204.112\/wp-content\/uploads\/2023\/05\/symbol-logo.svg","contentUrl":"http:\/\/74.208.204.112\/wp-content\/uploads\/2023\/05\/symbol-logo.svg","width":100,"height":100,"caption":"ETAC Service and Supply Inc."},"image":{"@id":"https:\/\/74.208.204.112\/#\/schema\/logo\/image\/"}}]}},"_links":{"self":[{"href":"https:\/\/etac.ca\/es\/wp-json\/wp\/v2\/pages\/7176","targetHints":{"allow":["GET"]}}],"collection":[{"href":"https:\/\/etac.ca\/es\/wp-json\/wp\/v2\/pages"}],"about":[{"href":"https:\/\/etac.ca\/es\/wp-json\/wp\/v2\/types\/page"}],"author":[{"embeddable":true,"href":"https:\/\/etac.ca\/es\/wp-json\/wp\/v2\/users\/9"}],"replies":[{"embeddable":true,"href":"https:\/\/etac.ca\/es\/wp-json\/wp\/v2\/comments?post=7176"}],"version-history":[{"count":45,"href":"https:\/\/etac.ca\/es\/wp-json\/wp\/v2\/pages\/7176\/revisions"}],"predecessor-version":[{"id":10554,"href":"https:\/\/etac.ca\/es\/wp-json\/wp\/v2\/pages\/7176\/revisions\/10554"}],"wp:attachment":[{"href":"https:\/\/etac.ca\/es\/wp-json\/wp\/v2\/media?parent=7176"}],"curies":[{"name":"wp","href":"https:\/\/api.w.org\/{rel}","templated":true}]}}