{"id":7138,"date":"2024-02-12T18:53:23","date_gmt":"2024-02-12T18:53:23","guid":{"rendered":"https:\/\/etac.ca\/?page_id=7138"},"modified":"2025-06-25T16:57:46","modified_gmt":"2025-06-25T21:57:46","slug":"transformer-testing","status":"publish","type":"page","link":"https:\/\/etac.ca\/es\/transformer-testing\/","title":{"rendered":"Pruebas De Transformadores"},"content":{"rendered":"<div data-elementor-type=\"wp-page\" data-elementor-id=\"7138\" class=\"elementor elementor-7138\" data-elementor-post-type=\"page\">\n\t\t\t\t<div class=\"elementor-element elementor-element-ac2a8ab e-flex e-con-boxed e-con e-parent\" data-id=\"ac2a8ab\" data-element_type=\"container\" data-e-type=\"container\" data-settings=\"{&quot;background_background&quot;:&quot;classic&quot;}\">\n\t\t\t\t\t<div class=\"e-con-inner\">\n\t\t\t\t<div class=\"elementor-element elementor-element-e44fdb6 elementor-widget elementor-widget-heading\" data-id=\"e44fdb6\" data-element_type=\"widget\" data-e-type=\"widget\" data-widget_type=\"heading.default\">\n\t\t\t\t<div class=\"elementor-widget-container\">\n\t\t\t\t\t<h1 class=\"elementor-heading-title elementor-size-default\">Pruebas De Transformadores<\/h1>\t\t\t\t<\/div>\n\t\t\t\t<\/div>\n\t\t\t\t<div class=\"elementor-element elementor-element-fb3e274 elementor-widget elementor-widget-text-editor\" data-id=\"fb3e274\" data-element_type=\"widget\" data-e-type=\"widget\" data-widget_type=\"text-editor.default\">\n\t\t\t\t<div class=\"elementor-widget-container\">\n\t\t\t\t\t\t\t\t\t<p>ETAC de Pruebas de transformadores ETAC de Pruebas de transformadores<\/p>\t\t\t\t\t\t\t\t<\/div>\n\t\t\t\t<\/div>\n\t\t\t\t\t<\/div>\n\t\t\t\t<\/div>\n\t\t<div class=\"elementor-element elementor-element-d5d415b e-flex e-con-boxed e-con e-parent\" data-id=\"d5d415b\" data-element_type=\"container\" data-e-type=\"container\">\n\t\t\t\t\t<div class=\"e-con-inner\">\n\t\t<div class=\"elementor-element elementor-element-536ef0d e-con-full e-flex e-con e-child\" data-id=\"536ef0d\" data-element_type=\"container\" data-e-type=\"container\">\n\t\t\t\t<div class=\"elementor-element elementor-element-de1342b elementor-widget elementor-widget-image\" data-id=\"de1342b\" data-element_type=\"widget\" data-e-type=\"widget\" data-widget_type=\"image.default\">\n\t\t\t\t<div class=\"elementor-widget-container\">\n\t\t\t\t\t\t\t\t\t\t\t\t<figure class=\"wp-caption\">\n\t\t\t\t\t\t\t\t\t\t<img fetchpriority=\"high\" decoding=\"async\" width=\"3000\" height=\"4000\" src=\"https:\/\/etac.ca\/wp-content\/uploads\/2024\/02\/Etac-Transformer-Testing.jpg\" class=\"attachment-full size-full wp-image-7142\" alt=\"ETAC Technician Servicing a Transformer\" \/>\t\t\t\t\t\t\t\t\t\t\t<figcaption class=\"widget-image-caption wp-caption-text\">ETAC T\u00e9cnico de Mantenimiento de un Transformador<\/figcaption>\n\t\t\t\t\t\t\t\t\t\t<\/figure>\n\t\t\t\t\t\t\t\t\t<\/div>\n\t\t\t\t<\/div>\n\t\t\t\t<\/div>\n\t\t<div class=\"elementor-element elementor-element-356e3d4 e-con-full e-flex e-con e-child\" data-id=\"356e3d4\" data-element_type=\"container\" data-e-type=\"container\">\n\t\t\t\t<div class=\"elementor-element elementor-element-287054a elementor-widget-tablet__width-inherit elementor-widget__width-inherit elementor-icon-list--layout-traditional elementor-list-item-link-full_width elementor-widget elementor-widget-icon-list\" data-id=\"287054a\" data-element_type=\"widget\" data-e-type=\"widget\" data-widget_type=\"icon-list.default\">\n\t\t\t\t<div class=\"elementor-widget-container\">\n\t\t\t\t\t\t\t<ul class=\"elementor-icon-list-items\">\n\t\t\t\t\t\t\t<li class=\"elementor-icon-list-item\">\n\t\t\t\t\t\t\t\t\t\t\t<span class=\"elementor-icon-list-icon\">\n\t\t\t\t\t\t\t<i aria-hidden=\"true\" class=\"icon icon-engineer\"><\/i>\t\t\t\t\t\t<\/span>\n\t\t\t\t\t\t\t\t\t\t<span class=\"elementor-icon-list-text\">Experimentados Profesionales El\u00e9ctricos<\/span>\n\t\t\t\t\t\t\t\t\t<\/li>\n\t\t\t\t\t\t\t\t<li class=\"elementor-icon-list-item\">\n\t\t\t\t\t\t\t\t\t\t\t<span class=\"elementor-icon-list-icon\">\n\t\t\t\t\t\t\t<i aria-hidden=\"true\" class=\"icon icon-flash\"><\/i>\t\t\t\t\t\t<\/span>\n\t\t\t\t\t\t\t\t\t\t<span class=\"elementor-icon-list-text\">Tiempos De Respuesta R\u00e1pidos<\/span>\n\t\t\t\t\t\t\t\t\t<\/li>\n\t\t\t\t\t\t<\/ul>\n\t\t\t\t\t\t<\/div>\n\t\t\t\t<\/div>\n\t\t\t\t<div class=\"elementor-element elementor-element-0c26bfe elementor-widget elementor-widget-text-editor\" data-id=\"0c26bfe\" data-element_type=\"widget\" data-e-type=\"widget\" data-widget_type=\"text-editor.default\">\n\t\t\t\t<div class=\"elementor-widget-container\">\n\t\t\t\t\t\t\t\t\t<div id=\"comp-lpcy9e5d\" class=\"BaOVQ8 tz5f0K comp-lpcy9e5d wixui-rich-text\" data-testid=\"richTextElement\"><div id=\"comp-lpju7ifl10\" class=\"BaOVQ8 tz5f0K comp-lpju7ifl10 wixui-rich-text\" data-testid=\"richTextElement\"><p class=\"font_8 wixui-rich-text__text\"><span><span class=\"ui-provider a b c d e f g h i j k l m n o p q r s t u v w x y z ab ac ae af ag ah ai aj ak\" dir=\"ltr\">En ETAC Servicio y Suministro, entendemos el papel fundamental de los transformadores de jugar en sus operaciones. Es por eso que ofrecemos un exhaustivo conjunto de pruebas dise\u00f1adas para identificar los posibles problemas, optimizar el rendimiento y validar el cumplimiento de los requisitos reglamentarios. Desde la fase inicial de puesta en servicio para el mantenimiento de rutina, nuestros servicios est\u00e1n dise\u00f1ados para satisfacer sus necesidades espec\u00edficas, ayudando a minimizar el tiempo de inactividad y maximizar la eficiencia.<\/span><\/span><\/p><\/div><\/div>\t\t\t\t\t\t\t\t<\/div>\n\t\t\t\t<\/div>\n\t\t\t\t<div class=\"elementor-element elementor-element-165cfe7 elementor-widget elementor-widget-heading\" data-id=\"165cfe7\" data-element_type=\"widget\" data-e-type=\"widget\" data-widget_type=\"heading.default\">\n\t\t\t\t<div class=\"elementor-widget-container\">\n\t\t\t\t\t<h2 class=\"elementor-heading-title elementor-size-default\">ETAC Transformador de Servicios<\/h2>\t\t\t\t<\/div>\n\t\t\t\t<\/div>\n\t\t\t\t<div class=\"elementor-element elementor-element-bbe2c11 elementor-widget elementor-widget-text-editor\" data-id=\"bbe2c11\" data-element_type=\"widget\" data-e-type=\"widget\" data-widget_type=\"text-editor.default\">\n\t\t\t\t<div class=\"elementor-widget-container\">\n\t\t\t\t\t\t\t\t\t<ul><li><span class=\"ui-provider a b c d e f g h i j k l m n o p q r s t u v w x y z ab ac ae af ag ah ai aj ak\" dir=\"ltr\">Los Transformadores De Pruebas<\/span><ul><li><span class=\"ui-provider a b c d e f g h i j k l m n o p q r s t u v w x y z ab ac ae af ag ah ai aj ak\" dir=\"ltr\">Transformador De Relaci\u00f3n De Vueltas<\/span><\/li><li><span class=\"ui-provider a b c d e f g h i j k l m n o p q r s t u v w x y z ab ac ae af ag ah ai aj ak\" dir=\"ltr\">Resistencia De Bobinado<\/span><\/li><li><span class=\"ui-provider a b c d e f g h i j k l m n o p q r s t u v w x y z ab ac ae af ag ah ai aj ak\" dir=\"ltr\">Aislamiento Diel\u00e9ctrico<\/span><\/li><li><span class=\"ui-provider a b c d e f g h i j k l m n o p q r s t u v w x y z ab ac ae af ag ah ai aj ak\" dir=\"ltr\">Cap. Puente Y La Disipaci\u00f3n De<\/span><\/li><\/ul><\/li><li><span class=\"ui-provider a b c d e f g h i j k l m n o p q r s t u v w x y z ab ac ae af ag ah ai aj ak\" dir=\"ltr\">La Muestra de aceite y el an\u00e1lisis<\/span><\/li><li><span class=\"ui-provider a b c d e f g h i j k l m n o p q r s t u v w x y z ab ac ae af ag ah ai aj ak\" dir=\"ltr\">Barrido IR<\/span><\/li><li><span class=\"ui-provider a b c d e f g h i j k l m n o p q r s t u v w x y z ab ac ae af ag ah ai aj ak\" dir=\"ltr\">La Inspecci\u00f3n De Campo<\/span><\/li><\/ul>\t\t\t\t\t\t\t\t<\/div>\n\t\t\t\t<\/div>\n\t\t\t\t<div class=\"elementor-element elementor-element-a1d0d31 elementor-align-center elementor-widget elementor-widget-button\" data-id=\"a1d0d31\" data-element_type=\"widget\" data-e-type=\"widget\" data-widget_type=\"button.default\">\n\t\t\t\t<div class=\"elementor-widget-container\">\n\t\t\t\t\t\t\t\t\t<div class=\"elementor-button-wrapper\">\n\t\t\t\t\t<a class=\"elementor-button elementor-button-link elementor-size-sm\" href=\"https:\/\/etac.ca\/es\/contact-us\/\">\n\t\t\t\t\t\t<span class=\"elementor-button-content-wrapper\">\n\t\t\t\t\t\t\t\t\t<span class=\"elementor-button-text\">SOLICITAR COTIZACI\u00d3N<\/span>\n\t\t\t\t\t<\/span>\n\t\t\t\t\t<\/a>\n\t\t\t\t<\/div>\n\t\t\t\t\t\t\t\t<\/div>\n\t\t\t\t<\/div>\n\t\t\t\t<\/div>\n\t\t\t\t\t<\/div>\n\t\t\t\t<\/div>\n\t\t\t\t<\/div>","protected":false},"excerpt":{"rendered":"<p>ETAC Transformer Testing ETAC Transformer Testing ETAC Technician Servicing a Transformer Experienced Electrical Professionals Quick Response Times At ETAC Service and Supply, we understand the critical role transformers play in your operations. That&#8217;s why we offer a thorough suite of tests designed to identify potential issues, optimize performance, and validate compliance with regulatory requirements. From [&hellip;]<\/p>\n","protected":false},"author":9,"featured_media":0,"parent":0,"menu_order":0,"comment_status":"closed","ping_status":"closed","template":"elementor_header_footer","meta":{"footnotes":""},"class_list":["post-7138","page","type-page","status-publish","hentry"],"yoast_head":"<!-- This site is optimized with the Yoast SEO plugin v27.4 - https:\/\/yoast.com\/product\/yoast-seo-wordpress\/ -->\n<title>Transformer Testing - ETAC Service &amp; Supply Inc. ETAC Transformer Testing Excellence<\/title>\n<meta name=\"description\" content=\"ETAC provides specialized transformer testing services, including a comprehensive suite of tests like Transformer Turns Ratio and Winding Resistance, designed to optimize performance and ensure compliance. Discover our expert services for maintaining your transformers&#039; efficiency and reliability.\" \/>\n<meta name=\"robots\" content=\"index, follow, max-snippet:-1, max-image-preview:large, max-video-preview:-1\" \/>\n<link rel=\"canonical\" href=\"https:\/\/etac.ca\/es\/transformer-testing\/\" \/>\n<meta property=\"og:locale\" content=\"es_ES\" \/>\n<meta property=\"og:type\" content=\"article\" \/>\n<meta property=\"og:title\" content=\"Transformer Testing - ETAC Service &amp; Supply Inc. ETAC Transformer Testing Excellence\" \/>\n<meta property=\"og:description\" content=\"ETAC provides specialized transformer testing services, including a comprehensive suite of tests like Transformer Turns Ratio and Winding Resistance, designed to optimize performance and ensure compliance. Discover our expert services for maintaining your transformers&#039; efficiency and reliability.\" \/>\n<meta property=\"og:url\" content=\"https:\/\/etac.ca\/es\/transformer-testing\/\" \/>\n<meta property=\"og:site_name\" content=\"ETAC Service &amp; Supply Inc.\" \/>\n<meta property=\"article:modified_time\" content=\"2025-06-25T21:57:46+00:00\" \/>\n<meta property=\"og:image\" content=\"https:\/\/etac.ca\/wp-content\/uploads\/2024\/02\/Etac-Transformer-Testing.jpg\" \/>\n<meta name=\"twitter:card\" content=\"summary_large_image\" \/>\n<meta name=\"twitter:label1\" content=\"Tiempo de lectura\" \/>\n\t<meta name=\"twitter:data1\" content=\"1 minuto\" \/>\n<script type=\"application\/ld+json\" class=\"yoast-schema-graph\">{\"@context\":\"https:\\\/\\\/schema.org\",\"@graph\":[{\"@type\":\"WebPage\",\"@id\":\"https:\\\/\\\/etac.ca\\\/transformer-testing\\\/\",\"url\":\"https:\\\/\\\/etac.ca\\\/transformer-testing\\\/\",\"name\":\"Transformer Testing - ETAC Service &amp; Supply Inc. ETAC Transformer Testing Excellence\",\"isPartOf\":{\"@id\":\"https:\\\/\\\/74.208.204.112\\\/#website\"},\"primaryImageOfPage\":{\"@id\":\"https:\\\/\\\/etac.ca\\\/transformer-testing\\\/#primaryimage\"},\"image\":{\"@id\":\"https:\\\/\\\/etac.ca\\\/transformer-testing\\\/#primaryimage\"},\"thumbnailUrl\":\"https:\\\/\\\/etac.ca\\\/wp-content\\\/uploads\\\/2024\\\/02\\\/Etac-Transformer-Testing.jpg\",\"datePublished\":\"2024-02-12T18:53:23+00:00\",\"dateModified\":\"2025-06-25T21:57:46+00:00\",\"description\":\"ETAC provides specialized transformer testing services, including a comprehensive suite of tests like Transformer Turns Ratio and Winding Resistance, designed to optimize performance and ensure compliance. Discover our expert services for maintaining your transformers' efficiency and reliability.\",\"breadcrumb\":{\"@id\":\"https:\\\/\\\/etac.ca\\\/transformer-testing\\\/#breadcrumb\"},\"inLanguage\":\"es\",\"potentialAction\":[{\"@type\":\"ReadAction\",\"target\":[\"https:\\\/\\\/etac.ca\\\/transformer-testing\\\/\"]}]},{\"@type\":\"ImageObject\",\"inLanguage\":\"es\",\"@id\":\"https:\\\/\\\/etac.ca\\\/transformer-testing\\\/#primaryimage\",\"url\":\"https:\\\/\\\/etac.ca\\\/wp-content\\\/uploads\\\/2024\\\/02\\\/Etac-Transformer-Testing.jpg\",\"contentUrl\":\"https:\\\/\\\/etac.ca\\\/wp-content\\\/uploads\\\/2024\\\/02\\\/Etac-Transformer-Testing.jpg\"},{\"@type\":\"BreadcrumbList\",\"@id\":\"https:\\\/\\\/etac.ca\\\/transformer-testing\\\/#breadcrumb\",\"itemListElement\":[{\"@type\":\"ListItem\",\"position\":1,\"name\":\"Home\",\"item\":\"https:\\\/\\\/etac.ca\\\/\"},{\"@type\":\"ListItem\",\"position\":2,\"name\":\"Transformer Testing\"}]},{\"@type\":\"WebSite\",\"@id\":\"https:\\\/\\\/74.208.204.112\\\/#website\",\"url\":\"https:\\\/\\\/74.208.204.112\\\/\",\"name\":\"ETAC Service and Supply Inc.\",\"description\":\"Electrical Testing Apparatus Commissioning Service and Supply\",\"publisher\":{\"@id\":\"https:\\\/\\\/74.208.204.112\\\/#organization\"},\"potentialAction\":[{\"@type\":\"SearchAction\",\"target\":{\"@type\":\"EntryPoint\",\"urlTemplate\":\"https:\\\/\\\/74.208.204.112\\\/?s={search_term_string}\"},\"query-input\":{\"@type\":\"PropertyValueSpecification\",\"valueRequired\":true,\"valueName\":\"search_term_string\"}}],\"inLanguage\":\"es\"},{\"@type\":\"Organization\",\"@id\":\"https:\\\/\\\/74.208.204.112\\\/#organization\",\"name\":\"ETAC Service and Supply Inc.\",\"url\":\"https:\\\/\\\/74.208.204.112\\\/\",\"logo\":{\"@type\":\"ImageObject\",\"inLanguage\":\"es\",\"@id\":\"https:\\\/\\\/74.208.204.112\\\/#\\\/schema\\\/logo\\\/image\\\/\",\"url\":\"http:\\\/\\\/74.208.204.112\\\/wp-content\\\/uploads\\\/2023\\\/05\\\/symbol-logo.svg\",\"contentUrl\":\"http:\\\/\\\/74.208.204.112\\\/wp-content\\\/uploads\\\/2023\\\/05\\\/symbol-logo.svg\",\"width\":100,\"height\":100,\"caption\":\"ETAC Service and Supply Inc.\"},\"image\":{\"@id\":\"https:\\\/\\\/74.208.204.112\\\/#\\\/schema\\\/logo\\\/image\\\/\"}}]}<\/script>\n<!-- \/ Yoast SEO plugin. -->","yoast_head_json":{"title":"Transformer Testing - ETAC Service &amp; Supply Inc. ETAC Transformer Testing Excellence","description":"ETAC provides specialized transformer testing services, including a comprehensive suite of tests like Transformer Turns Ratio and Winding Resistance, designed to optimize performance and ensure compliance. Discover our expert services for maintaining your transformers' efficiency and reliability.","robots":{"index":"index","follow":"follow","max-snippet":"max-snippet:-1","max-image-preview":"max-image-preview:large","max-video-preview":"max-video-preview:-1"},"canonical":"https:\/\/etac.ca\/es\/transformer-testing\/","og_locale":"es_ES","og_type":"article","og_title":"Transformer Testing - ETAC Service &amp; Supply Inc. ETAC Transformer Testing Excellence","og_description":"ETAC provides specialized transformer testing services, including a comprehensive suite of tests like Transformer Turns Ratio and Winding Resistance, designed to optimize performance and ensure compliance. Discover our expert services for maintaining your transformers' efficiency and reliability.","og_url":"https:\/\/etac.ca\/es\/transformer-testing\/","og_site_name":"ETAC Service &amp; Supply Inc.","article_modified_time":"2025-06-25T21:57:46+00:00","og_image":[{"url":"https:\/\/etac.ca\/wp-content\/uploads\/2024\/02\/Etac-Transformer-Testing.jpg","type":"","width":"","height":""}],"twitter_card":"summary_large_image","twitter_misc":{"Tiempo de lectura":"1 minuto"},"schema":{"@context":"https:\/\/schema.org","@graph":[{"@type":"WebPage","@id":"https:\/\/etac.ca\/transformer-testing\/","url":"https:\/\/etac.ca\/transformer-testing\/","name":"Transformer Testing - ETAC Service &amp; Supply Inc. ETAC Transformer Testing Excellence","isPartOf":{"@id":"https:\/\/74.208.204.112\/#website"},"primaryImageOfPage":{"@id":"https:\/\/etac.ca\/transformer-testing\/#primaryimage"},"image":{"@id":"https:\/\/etac.ca\/transformer-testing\/#primaryimage"},"thumbnailUrl":"https:\/\/etac.ca\/wp-content\/uploads\/2024\/02\/Etac-Transformer-Testing.jpg","datePublished":"2024-02-12T18:53:23+00:00","dateModified":"2025-06-25T21:57:46+00:00","description":"ETAC provides specialized transformer testing services, including a comprehensive suite of tests like Transformer Turns Ratio and Winding Resistance, designed to optimize performance and ensure compliance. Discover our expert services for maintaining your transformers' efficiency and reliability.","breadcrumb":{"@id":"https:\/\/etac.ca\/transformer-testing\/#breadcrumb"},"inLanguage":"es","potentialAction":[{"@type":"ReadAction","target":["https:\/\/etac.ca\/transformer-testing\/"]}]},{"@type":"ImageObject","inLanguage":"es","@id":"https:\/\/etac.ca\/transformer-testing\/#primaryimage","url":"https:\/\/etac.ca\/wp-content\/uploads\/2024\/02\/Etac-Transformer-Testing.jpg","contentUrl":"https:\/\/etac.ca\/wp-content\/uploads\/2024\/02\/Etac-Transformer-Testing.jpg"},{"@type":"BreadcrumbList","@id":"https:\/\/etac.ca\/transformer-testing\/#breadcrumb","itemListElement":[{"@type":"ListItem","position":1,"name":"Home","item":"https:\/\/etac.ca\/"},{"@type":"ListItem","position":2,"name":"Transformer Testing"}]},{"@type":"WebSite","@id":"https:\/\/74.208.204.112\/#website","url":"https:\/\/74.208.204.112\/","name":"ETAC Service and Supply Inc.","description":"Electrical Testing Apparatus Commissioning Service and Supply","publisher":{"@id":"https:\/\/74.208.204.112\/#organization"},"potentialAction":[{"@type":"SearchAction","target":{"@type":"EntryPoint","urlTemplate":"https:\/\/74.208.204.112\/?s={search_term_string}"},"query-input":{"@type":"PropertyValueSpecification","valueRequired":true,"valueName":"search_term_string"}}],"inLanguage":"es"},{"@type":"Organization","@id":"https:\/\/74.208.204.112\/#organization","name":"ETAC Service and Supply Inc.","url":"https:\/\/74.208.204.112\/","logo":{"@type":"ImageObject","inLanguage":"es","@id":"https:\/\/74.208.204.112\/#\/schema\/logo\/image\/","url":"http:\/\/74.208.204.112\/wp-content\/uploads\/2023\/05\/symbol-logo.svg","contentUrl":"http:\/\/74.208.204.112\/wp-content\/uploads\/2023\/05\/symbol-logo.svg","width":100,"height":100,"caption":"ETAC Service and Supply Inc."},"image":{"@id":"https:\/\/74.208.204.112\/#\/schema\/logo\/image\/"}}]}},"_links":{"self":[{"href":"https:\/\/etac.ca\/es\/wp-json\/wp\/v2\/pages\/7138","targetHints":{"allow":["GET"]}}],"collection":[{"href":"https:\/\/etac.ca\/es\/wp-json\/wp\/v2\/pages"}],"about":[{"href":"https:\/\/etac.ca\/es\/wp-json\/wp\/v2\/types\/page"}],"author":[{"embeddable":true,"href":"https:\/\/etac.ca\/es\/wp-json\/wp\/v2\/users\/9"}],"replies":[{"embeddable":true,"href":"https:\/\/etac.ca\/es\/wp-json\/wp\/v2\/comments?post=7138"}],"version-history":[{"count":57,"href":"https:\/\/etac.ca\/es\/wp-json\/wp\/v2\/pages\/7138\/revisions"}],"predecessor-version":[{"id":10576,"href":"https:\/\/etac.ca\/es\/wp-json\/wp\/v2\/pages\/7138\/revisions\/10576"}],"wp:attachment":[{"href":"https:\/\/etac.ca\/es\/wp-json\/wp\/v2\/media?parent=7138"}],"curies":[{"name":"wp","href":"https:\/\/api.w.org\/{rel}","templated":true}]}}