{"id":6735,"date":"2024-01-08T21:05:32","date_gmt":"2024-01-08T21:05:32","guid":{"rendered":"https:\/\/etac.ca\/?page_id=6735"},"modified":"2025-09-18T11:45:06","modified_gmt":"2025-09-18T16:45:06","slug":"services","status":"publish","type":"page","link":"https:\/\/etac.ca\/es\/services\/","title":{"rendered":"Servicios"},"content":{"rendered":"<div data-elementor-type=\"wp-page\" data-elementor-id=\"6735\" class=\"elementor elementor-6735\" data-elementor-post-type=\"page\">\n\t\t\t\t<div class=\"elementor-element elementor-element-82529b9 e-con-full e-flex e-con e-parent\" data-id=\"82529b9\" data-element_type=\"container\" data-e-type=\"container\" data-settings=\"{&quot;background_background&quot;:&quot;classic&quot;}\">\n\t\t\t\t<div class=\"elementor-element elementor-element-9875f9d elementor-widget__width-initial elementor-widget elementor-widget-heading\" data-id=\"9875f9d\" data-element_type=\"widget\" data-e-type=\"widget\" data-widget_type=\"heading.default\">\n\t\t\t\t<div class=\"elementor-widget-container\">\n\t\t\t\t\t<h1 class=\"elementor-heading-title elementor-size-default\">SERVICIOS DE CAMPO<\/h1>\t\t\t\t<\/div>\n\t\t\t\t<\/div>\n\t\t\t\t<\/div>\n\t\t<div class=\"elementor-element elementor-element-1ee0b3a e-con-full e-flex e-con e-parent\" data-id=\"1ee0b3a\" data-element_type=\"container\" data-e-type=\"container\">\n\t\t<div class=\"elementor-element elementor-element-13a0a56 e-con-full e-flex e-con e-child\" data-id=\"13a0a56\" data-element_type=\"container\" data-e-type=\"container\">\n\t\t\t\t<div class=\"elementor-element elementor-element-0ba7611 elementor-widget__width-initial elementor-widget elementor-widget-heading\" data-id=\"0ba7611\" data-element_type=\"widget\" data-e-type=\"widget\" data-widget_type=\"heading.default\">\n\t\t\t\t<div class=\"elementor-widget-container\">\n\t\t\t\t\t<h2 class=\"elementor-heading-title elementor-size-default\">Pruebas y Puesta en servicio<\/h2>\t\t\t\t<\/div>\n\t\t\t\t<\/div>\n\t\t\t\t<div class=\"elementor-element elementor-element-d7e679c elementor-widget__width-initial elementor-widget elementor-widget-text-editor\" data-id=\"d7e679c\" data-element_type=\"widget\" data-e-type=\"widget\" data-widget_type=\"text-editor.default\">\n\t\t\t\t<div class=\"elementor-widget-container\">\n\t\t\t\t\t\t\t\t\t<p><span class=\"ui-provider a b c d e f g h i j k l m n o p q r s t u v w x y z ab ac ae af ag ah ai aj ak\" dir=\"ltr\">Somos capaces de llevar a cabo las pruebas de campo y puesta en servicio para su transformadores y celdas.<\/span><\/p>\t\t\t\t\t\t\t\t<\/div>\n\t\t\t\t<\/div>\n\t\t\t\t<div class=\"elementor-element elementor-element-51456ca elementor-align-left elementor-mobile-align-center elementor-widget__width-initial elementor-widget elementor-widget-button\" data-id=\"51456ca\" data-element_type=\"widget\" data-e-type=\"widget\" data-widget_type=\"button.default\">\n\t\t\t\t<div class=\"elementor-widget-container\">\n\t\t\t\t\t\t\t\t\t<div class=\"elementor-button-wrapper\">\n\t\t\t\t\t<a class=\"elementor-button elementor-button-link elementor-size-sm\" href=\"https:\/\/etac.ca\/es\/contact-us\/\">\n\t\t\t\t\t\t<span class=\"elementor-button-content-wrapper\">\n\t\t\t\t\t\t\t\t\t<span class=\"elementor-button-text\">Solicitar Cotizaci\u00f3n<\/span>\n\t\t\t\t\t<\/span>\n\t\t\t\t\t<\/a>\n\t\t\t\t<\/div>\n\t\t\t\t\t\t\t\t<\/div>\n\t\t\t\t<\/div>\n\t\t\t\t<\/div>\n\t\t<div class=\"elementor-element elementor-element-c415a5a e-con-full e-flex e-con e-child\" data-id=\"c415a5a\" data-element_type=\"container\" data-e-type=\"container\" data-settings=\"{&quot;background_background&quot;:&quot;classic&quot;}\">\n\t\t\t\t<div class=\"elementor-element elementor-element-d01ba4d elementor-widget elementor-widget-spacer\" data-id=\"d01ba4d\" data-element_type=\"widget\" data-e-type=\"widget\" data-widget_type=\"spacer.default\">\n\t\t\t\t<div class=\"elementor-widget-container\">\n\t\t\t\t\t\t\t<div class=\"elementor-spacer\">\n\t\t\t<div class=\"elementor-spacer-inner\"><\/div>\n\t\t<\/div>\n\t\t\t\t\t\t<\/div>\n\t\t\t\t<\/div>\n\t\t\t\t<\/div>\n\t\t\t\t<\/div>\n\t\t<div class=\"elementor-element elementor-element-cc95fde e-con-full e-flex e-con e-parent\" data-id=\"cc95fde\" data-element_type=\"container\" data-e-type=\"container\">\n\t\t<div class=\"elementor-element elementor-element-e46bdbd e-con-full e-flex e-con e-child\" data-id=\"e46bdbd\" data-element_type=\"container\" data-e-type=\"container\" data-settings=\"{&quot;background_background&quot;:&quot;classic&quot;}\">\n\t\t\t\t<div class=\"elementor-element elementor-element-d2a9e49 elementor-widget elementor-widget-spacer\" data-id=\"d2a9e49\" data-element_type=\"widget\" data-e-type=\"widget\" data-widget_type=\"spacer.default\">\n\t\t\t\t<div class=\"elementor-widget-container\">\n\t\t\t\t\t\t\t<div class=\"elementor-spacer\">\n\t\t\t<div class=\"elementor-spacer-inner\"><\/div>\n\t\t<\/div>\n\t\t\t\t\t\t<\/div>\n\t\t\t\t<\/div>\n\t\t\t\t<\/div>\n\t\t<div class=\"elementor-element elementor-element-dbf08da e-con-full e-flex e-con e-child\" data-id=\"dbf08da\" data-element_type=\"container\" data-e-type=\"container\">\n\t\t\t\t<div class=\"elementor-element elementor-element-03244eb elementor-widget__width-initial elementor-widget elementor-widget-heading\" data-id=\"03244eb\" data-element_type=\"widget\" data-e-type=\"widget\" data-widget_type=\"heading.default\">\n\t\t\t\t<div class=\"elementor-widget-container\">\n\t\t\t\t\t<h2 class=\"elementor-heading-title elementor-size-default\">Transformador De Servicios<\/h2>\t\t\t\t<\/div>\n\t\t\t\t<\/div>\n\t\t\t\t<div class=\"elementor-element elementor-element-3a70209 elementor-widget__width-initial elementor-widget elementor-widget-text-editor\" data-id=\"3a70209\" data-element_type=\"widget\" data-e-type=\"widget\" data-widget_type=\"text-editor.default\">\n\t\t\t\t<div class=\"elementor-widget-container\">\n\t\t\t\t\t\t\t\t\t<ul>\n<li><span class=\"ui-provider a b c d e f g h i j k l m n o p q r s t u v w x y z ab ac ae af ag ah ai aj ak\" dir=\"ltr\">Los Transformadores De Las Pruebas:<\/span>\n<ul>\n<li><span class=\"ui-provider a b c d e f g h i j k l m n o p q r s t u v w x y z ab ac ae af ag ah ai aj ak\" dir=\"ltr\">Transformador De Relaci\u00f3n De Vueltas<\/span><\/li>\n<li><span class=\"ui-provider a b c d e f g h i j k l m n o p q r s t u v w x y z ab ac ae af ag ah ai aj ak\" dir=\"ltr\">Resistencia De Bobinado<\/span><\/li>\n<li><span class=\"ui-provider a b c d e f g h i j k l m n o p q r s t u v w x y z ab ac ae af ag ah ai aj ak\" dir=\"ltr\">Aislamiento Diel\u00e9ctrico<\/span><\/li>\n<li><span class=\"ui-provider a b c d e f g h i j k l m n o p q r s t u v w x y z ab ac ae af ag ah ai aj ak\" dir=\"ltr\">Cap. Puente Y La Disipaci\u00f3n De<\/span><\/li>\n<\/ul>\n<\/li>\n<li><span class=\"ui-provider a b c d e f g h i j k l m n o p q r s t u v w x y z ab ac ae af ag ah ai aj ak\" dir=\"ltr\">La Muestra de aceite y el an\u00e1lisis<\/span><\/li>\n<li><span class=\"ui-provider a b c d e f g h i j k l m n o p q r s t u v w x y z ab ac ae af ag ah ai aj ak\" dir=\"ltr\">Barrido IR<\/span><\/li>\n<li><span class=\"ui-provider a b c d e f g h i j k l m n o p q r s t u v w x y z ab ac ae af ag ah ai aj ak\" dir=\"ltr\">La Inspecci\u00f3n De Campo<\/span><\/li>\n<\/ul>\t\t\t\t\t\t\t\t<\/div>\n\t\t\t\t<\/div>\n\t\t\t\t<div class=\"elementor-element elementor-element-4b3b537 elementor-align-left elementor-mobile-align-center elementor-widget__width-initial elementor-widget elementor-widget-button\" data-id=\"4b3b537\" data-element_type=\"widget\" data-e-type=\"widget\" data-widget_type=\"button.default\">\n\t\t\t\t<div class=\"elementor-widget-container\">\n\t\t\t\t\t\t\t\t\t<div class=\"elementor-button-wrapper\">\n\t\t\t\t\t<a class=\"elementor-button elementor-button-link elementor-size-sm\" href=\"https:\/\/etac.ca\/es\/transformer-testing\/\">\n\t\t\t\t\t\t<span class=\"elementor-button-content-wrapper\">\n\t\t\t\t\t\t\t\t\t<span class=\"elementor-button-text\">Aprender M\u00e1s<\/span>\n\t\t\t\t\t<\/span>\n\t\t\t\t\t<\/a>\n\t\t\t\t<\/div>\n\t\t\t\t\t\t\t\t<\/div>\n\t\t\t\t<\/div>\n\t\t\t\t<\/div>\n\t\t\t\t<\/div>\n\t\t<div class=\"elementor-element elementor-element-2953ba3 e-con-full e-flex e-con e-parent\" data-id=\"2953ba3\" data-element_type=\"container\" data-e-type=\"container\">\n\t\t<div class=\"elementor-element elementor-element-f65914f e-con-full e-flex e-con e-child\" data-id=\"f65914f\" data-element_type=\"container\" data-e-type=\"container\">\n\t\t\t\t<div class=\"elementor-element elementor-element-0282e20 elementor-widget__width-initial elementor-widget elementor-widget-heading\" data-id=\"0282e20\" data-element_type=\"widget\" data-e-type=\"widget\" data-widget_type=\"heading.default\">\n\t\t\t\t<div class=\"elementor-widget-container\">\n\t\t\t\t\t<h2 class=\"elementor-heading-title elementor-size-default\">Celdas De Servicios<\/h2>\t\t\t\t<\/div>\n\t\t\t\t<\/div>\n\t\t\t\t<div class=\"elementor-element elementor-element-902978c elementor-widget__width-initial elementor-widget elementor-widget-text-editor\" data-id=\"902978c\" data-element_type=\"widget\" data-e-type=\"widget\" data-widget_type=\"text-editor.default\">\n\t\t\t\t<div class=\"elementor-widget-container\">\n\t\t\t\t\t\t\t\t\t<ul><li>Rel\u00e9 de Instalaci\u00f3n y Configuraci\u00f3n<\/li><li>Interruptor De Configuraci\u00f3n<\/li><li><span class=\"ui-provider a b c d e f g h i j k l m n o p q r s t u v w x y z ab ac ae af ag ah ai aj ak\" dir=\"ltr\">Barrido IR<\/span><\/li><li><span class=\"ui-provider a b c d e f g h i j k l m n o p q r s t u v w x y z ab ac ae af ag ah ai aj ak\" dir=\"ltr\">La Inspecci\u00f3n De Campo<\/span><\/li><li><span class=\"ui-provider a b c d e f g h i j k l m n o p q r s t u v w x y z ab ac ae af ag ah ai aj ak\" dir=\"ltr\">Pruebas<\/span><\/li><\/ul>\t\t\t\t\t\t\t\t<\/div>\n\t\t\t\t<\/div>\n\t\t\t\t<div class=\"elementor-element elementor-element-8cf6aa3 elementor-align-left elementor-mobile-align-center elementor-widget__width-initial elementor-widget elementor-widget-button\" data-id=\"8cf6aa3\" data-element_type=\"widget\" data-e-type=\"widget\" data-widget_type=\"button.default\">\n\t\t\t\t<div class=\"elementor-widget-container\">\n\t\t\t\t\t\t\t\t\t<div class=\"elementor-button-wrapper\">\n\t\t\t\t\t<a class=\"elementor-button elementor-button-link elementor-size-sm\" href=\"https:\/\/etac.ca\/es\/switchgear-services\/\">\n\t\t\t\t\t\t<span class=\"elementor-button-content-wrapper\">\n\t\t\t\t\t\t\t\t\t<span class=\"elementor-button-text\">Aprender M\u00e1s<\/span>\n\t\t\t\t\t<\/span>\n\t\t\t\t\t<\/a>\n\t\t\t\t<\/div>\n\t\t\t\t\t\t\t\t<\/div>\n\t\t\t\t<\/div>\n\t\t\t\t<\/div>\n\t\t<div class=\"elementor-element elementor-element-7fb7eb2 e-con-full e-flex e-con e-child\" data-id=\"7fb7eb2\" data-element_type=\"container\" data-e-type=\"container\" data-settings=\"{&quot;background_background&quot;:&quot;classic&quot;}\">\n\t\t\t\t<div class=\"elementor-element elementor-element-f22dfb4 elementor-widget elementor-widget-spacer\" data-id=\"f22dfb4\" data-element_type=\"widget\" data-e-type=\"widget\" data-widget_type=\"spacer.default\">\n\t\t\t\t<div class=\"elementor-widget-container\">\n\t\t\t\t\t\t\t<div class=\"elementor-spacer\">\n\t\t\t<div class=\"elementor-spacer-inner\"><\/div>\n\t\t<\/div>\n\t\t\t\t\t\t<\/div>\n\t\t\t\t<\/div>\n\t\t\t\t<\/div>\n\t\t\t\t<\/div>\n\t\t\t\t<\/div>","protected":false},"excerpt":{"rendered":"<p>FIELD SERVICES Testing and Commissioning We are capable of conducting field testing and commissioning services for your transformers and switchgear. Request a Quote Transformer Services Transformers Testing: Transformer Turns Ratio Winding Resistance Dielectric Insulation Cap. Bridge &amp; Dissipation Oil Sample and analysis IR Scan Field Inspection Learn More Switchgear Services Relay Setup and Configuration Breaker [&hellip;]<\/p>\n","protected":false},"author":9,"featured_media":0,"parent":0,"menu_order":0,"comment_status":"closed","ping_status":"closed","template":"","meta":{"footnotes":""},"class_list":["post-6735","page","type-page","status-publish","hentry"],"yoast_head":"<!-- This site is optimized with the Yoast SEO plugin v27.4 - https:\/\/yoast.com\/product\/yoast-seo-wordpress\/ -->\n<title>Services - ETAC Service &amp; Supply Inc.<\/title>\n<meta name=\"description\" content=\"ETAC offers comprehensive services, including testing and commissioning for transformers and switchgear. Discover our expert transformer services, including testing, oil analysis, and IR scans, and our meticulous switchgear services for optimal performance and safety.\" \/>\n<meta name=\"robots\" content=\"index, follow, max-snippet:-1, max-image-preview:large, max-video-preview:-1\" \/>\n<link rel=\"canonical\" href=\"https:\/\/etac.ca\/es\/services\/\" \/>\n<meta property=\"og:locale\" content=\"es_ES\" \/>\n<meta property=\"og:type\" content=\"article\" \/>\n<meta property=\"og:title\" content=\"Services - ETAC Service &amp; Supply Inc.\" \/>\n<meta property=\"og:description\" content=\"ETAC offers comprehensive services, including testing and commissioning for transformers and switchgear. Discover our expert transformer services, including testing, oil analysis, and IR scans, and our meticulous switchgear services for optimal performance and safety.\" \/>\n<meta property=\"og:url\" content=\"https:\/\/etac.ca\/es\/services\/\" \/>\n<meta property=\"og:site_name\" content=\"ETAC Service &amp; Supply Inc.\" \/>\n<meta property=\"article:modified_time\" content=\"2025-09-18T16:45:06+00:00\" \/>\n<meta name=\"twitter:card\" content=\"summary_large_image\" \/>\n<meta name=\"twitter:label1\" content=\"Tiempo de lectura\" \/>\n\t<meta name=\"twitter:data1\" content=\"1 minuto\" \/>\n<script type=\"application\/ld+json\" class=\"yoast-schema-graph\">{\"@context\":\"https:\\\/\\\/schema.org\",\"@graph\":[{\"@type\":\"WebPage\",\"@id\":\"https:\\\/\\\/etac.ca\\\/services\\\/\",\"url\":\"https:\\\/\\\/etac.ca\\\/services\\\/\",\"name\":\"Services - ETAC Service &amp; Supply Inc.\",\"isPartOf\":{\"@id\":\"https:\\\/\\\/74.208.204.112\\\/#website\"},\"datePublished\":\"2024-01-08T21:05:32+00:00\",\"dateModified\":\"2025-09-18T16:45:06+00:00\",\"description\":\"ETAC offers comprehensive services, including testing and commissioning for transformers and switchgear. Discover our expert transformer services, including testing, oil analysis, and IR scans, and our meticulous switchgear services for optimal performance and safety.\",\"breadcrumb\":{\"@id\":\"https:\\\/\\\/etac.ca\\\/services\\\/#breadcrumb\"},\"inLanguage\":\"es\",\"potentialAction\":[{\"@type\":\"ReadAction\",\"target\":[\"https:\\\/\\\/etac.ca\\\/services\\\/\"]}]},{\"@type\":\"BreadcrumbList\",\"@id\":\"https:\\\/\\\/etac.ca\\\/services\\\/#breadcrumb\",\"itemListElement\":[{\"@type\":\"ListItem\",\"position\":1,\"name\":\"Home\",\"item\":\"https:\\\/\\\/etac.ca\\\/\"},{\"@type\":\"ListItem\",\"position\":2,\"name\":\"Services\"}]},{\"@type\":\"WebSite\",\"@id\":\"https:\\\/\\\/74.208.204.112\\\/#website\",\"url\":\"https:\\\/\\\/74.208.204.112\\\/\",\"name\":\"ETAC Service and Supply Inc.\",\"description\":\"Electrical Testing Apparatus Commissioning Service and Supply\",\"publisher\":{\"@id\":\"https:\\\/\\\/74.208.204.112\\\/#organization\"},\"potentialAction\":[{\"@type\":\"SearchAction\",\"target\":{\"@type\":\"EntryPoint\",\"urlTemplate\":\"https:\\\/\\\/74.208.204.112\\\/?s={search_term_string}\"},\"query-input\":{\"@type\":\"PropertyValueSpecification\",\"valueRequired\":true,\"valueName\":\"search_term_string\"}}],\"inLanguage\":\"es\"},{\"@type\":\"Organization\",\"@id\":\"https:\\\/\\\/74.208.204.112\\\/#organization\",\"name\":\"ETAC Service and Supply Inc.\",\"url\":\"https:\\\/\\\/74.208.204.112\\\/\",\"logo\":{\"@type\":\"ImageObject\",\"inLanguage\":\"es\",\"@id\":\"https:\\\/\\\/74.208.204.112\\\/#\\\/schema\\\/logo\\\/image\\\/\",\"url\":\"http:\\\/\\\/74.208.204.112\\\/wp-content\\\/uploads\\\/2023\\\/05\\\/symbol-logo.svg\",\"contentUrl\":\"http:\\\/\\\/74.208.204.112\\\/wp-content\\\/uploads\\\/2023\\\/05\\\/symbol-logo.svg\",\"width\":100,\"height\":100,\"caption\":\"ETAC Service and Supply Inc.\"},\"image\":{\"@id\":\"https:\\\/\\\/74.208.204.112\\\/#\\\/schema\\\/logo\\\/image\\\/\"}}]}<\/script>\n<!-- \/ Yoast SEO plugin. -->","yoast_head_json":{"title":"Services - ETAC Service &amp; Supply Inc.","description":"ETAC offers comprehensive services, including testing and commissioning for transformers and switchgear. Discover our expert transformer services, including testing, oil analysis, and IR scans, and our meticulous switchgear services for optimal performance and safety.","robots":{"index":"index","follow":"follow","max-snippet":"max-snippet:-1","max-image-preview":"max-image-preview:large","max-video-preview":"max-video-preview:-1"},"canonical":"https:\/\/etac.ca\/es\/services\/","og_locale":"es_ES","og_type":"article","og_title":"Services - ETAC Service &amp; Supply Inc.","og_description":"ETAC offers comprehensive services, including testing and commissioning for transformers and switchgear. Discover our expert transformer services, including testing, oil analysis, and IR scans, and our meticulous switchgear services for optimal performance and safety.","og_url":"https:\/\/etac.ca\/es\/services\/","og_site_name":"ETAC Service &amp; Supply Inc.","article_modified_time":"2025-09-18T16:45:06+00:00","twitter_card":"summary_large_image","twitter_misc":{"Tiempo de lectura":"1 minuto"},"schema":{"@context":"https:\/\/schema.org","@graph":[{"@type":"WebPage","@id":"https:\/\/etac.ca\/services\/","url":"https:\/\/etac.ca\/services\/","name":"Services - ETAC Service &amp; Supply Inc.","isPartOf":{"@id":"https:\/\/74.208.204.112\/#website"},"datePublished":"2024-01-08T21:05:32+00:00","dateModified":"2025-09-18T16:45:06+00:00","description":"ETAC offers comprehensive services, including testing and commissioning for transformers and switchgear. Discover our expert transformer services, including testing, oil analysis, and IR scans, and our meticulous switchgear services for optimal performance and safety.","breadcrumb":{"@id":"https:\/\/etac.ca\/services\/#breadcrumb"},"inLanguage":"es","potentialAction":[{"@type":"ReadAction","target":["https:\/\/etac.ca\/services\/"]}]},{"@type":"BreadcrumbList","@id":"https:\/\/etac.ca\/services\/#breadcrumb","itemListElement":[{"@type":"ListItem","position":1,"name":"Home","item":"https:\/\/etac.ca\/"},{"@type":"ListItem","position":2,"name":"Services"}]},{"@type":"WebSite","@id":"https:\/\/74.208.204.112\/#website","url":"https:\/\/74.208.204.112\/","name":"ETAC Service and Supply Inc.","description":"Electrical Testing Apparatus Commissioning Service and Supply","publisher":{"@id":"https:\/\/74.208.204.112\/#organization"},"potentialAction":[{"@type":"SearchAction","target":{"@type":"EntryPoint","urlTemplate":"https:\/\/74.208.204.112\/?s={search_term_string}"},"query-input":{"@type":"PropertyValueSpecification","valueRequired":true,"valueName":"search_term_string"}}],"inLanguage":"es"},{"@type":"Organization","@id":"https:\/\/74.208.204.112\/#organization","name":"ETAC Service and Supply Inc.","url":"https:\/\/74.208.204.112\/","logo":{"@type":"ImageObject","inLanguage":"es","@id":"https:\/\/74.208.204.112\/#\/schema\/logo\/image\/","url":"http:\/\/74.208.204.112\/wp-content\/uploads\/2023\/05\/symbol-logo.svg","contentUrl":"http:\/\/74.208.204.112\/wp-content\/uploads\/2023\/05\/symbol-logo.svg","width":100,"height":100,"caption":"ETAC Service and Supply Inc."},"image":{"@id":"https:\/\/74.208.204.112\/#\/schema\/logo\/image\/"}}]}},"_links":{"self":[{"href":"https:\/\/etac.ca\/es\/wp-json\/wp\/v2\/pages\/6735","targetHints":{"allow":["GET"]}}],"collection":[{"href":"https:\/\/etac.ca\/es\/wp-json\/wp\/v2\/pages"}],"about":[{"href":"https:\/\/etac.ca\/es\/wp-json\/wp\/v2\/types\/page"}],"author":[{"embeddable":true,"href":"https:\/\/etac.ca\/es\/wp-json\/wp\/v2\/users\/9"}],"replies":[{"embeddable":true,"href":"https:\/\/etac.ca\/es\/wp-json\/wp\/v2\/comments?post=6735"}],"version-history":[{"count":132,"href":"https:\/\/etac.ca\/es\/wp-json\/wp\/v2\/pages\/6735\/revisions"}],"predecessor-version":[{"id":17304,"href":"https:\/\/etac.ca\/es\/wp-json\/wp\/v2\/pages\/6735\/revisions\/17304"}],"wp:attachment":[{"href":"https:\/\/etac.ca\/es\/wp-json\/wp\/v2\/media?parent=6735"}],"curies":[{"name":"wp","href":"https:\/\/api.w.org\/{rel}","templated":true}]}}