{"id":6515,"date":"2023-12-20T15:09:11","date_gmt":"2023-12-20T15:09:11","guid":{"rendered":"https:\/\/etac.ca\/?page_id=6515"},"modified":"2024-09-04T12:31:08","modified_gmt":"2024-09-04T17:31:08","slug":"dc-charger","status":"publish","type":"page","link":"https:\/\/etac.ca\/es\/dc-charger\/","title":{"rendered":"EV DC Fast Charging Solution"},"content":{"rendered":"<div data-elementor-type=\"wp-page\" data-elementor-id=\"6515\" class=\"elementor elementor-6515\" data-elementor-post-type=\"page\">\n\t\t\t\t<div class=\"elementor-element elementor-element-0a25165 e-flex e-con-boxed e-con e-parent\" data-id=\"0a25165\" data-element_type=\"container\" data-e-type=\"container\" data-settings=\"{&quot;background_background&quot;:&quot;classic&quot;}\">\n\t\t\t\t\t<div class=\"e-con-inner\">\n\t\t\t\t<div class=\"elementor-element elementor-element-7d80b5c elementor-widget elementor-widget-heading\" data-id=\"7d80b5c\" data-element_type=\"widget\" data-e-type=\"widget\" data-widget_type=\"heading.default\">\n\t\t\t\t<div class=\"elementor-widget-container\">\n\t\t\t\t\t<h1 class=\"elementor-heading-title elementor-size-default\">EV DC Cargador R\u00e1pido<\/h1>\t\t\t\t<\/div>\n\t\t\t\t<\/div>\n\t\t\t\t\t<\/div>\n\t\t\t\t<\/div>\n\t\t<div class=\"elementor-element elementor-element-6008fe5 e-flex e-con-boxed e-con e-parent\" data-id=\"6008fe5\" data-element_type=\"container\" data-e-type=\"container\">\n\t\t\t\t\t<div class=\"e-con-inner\">\n\t\t<div class=\"elementor-element elementor-element-062b4aa e-con-full e-flex e-con e-child\" data-id=\"062b4aa\" data-element_type=\"container\" data-e-type=\"container\">\n\t\t\t\t<div class=\"elementor-element elementor-element-76b17ef elementor-widget elementor-widget-text-editor\" data-id=\"76b17ef\" data-element_type=\"widget\" data-e-type=\"widget\" data-widget_type=\"text-editor.default\">\n\t\t\t\t<div class=\"elementor-widget-container\">\n\t\t\t\t\t\t\t\t\t<p>ETAC EV DC Soluci\u00f3n de Carga R\u00e1pida<\/p>\t\t\t\t\t\t\t\t<\/div>\n\t\t\t\t<\/div>\n\t\t\t\t<div class=\"elementor-element elementor-element-8926553 elementor-widget elementor-widget-image\" data-id=\"8926553\" data-element_type=\"widget\" data-e-type=\"widget\" data-widget_type=\"image.default\">\n\t\t\t\t<div class=\"elementor-widget-container\">\n\t\t\t\t\t\t\t\t\t\t\t\t<figure class=\"wp-caption\">\n\t\t\t\t\t\t\t\t\t\t<img fetchpriority=\"high\" decoding=\"async\" width=\"698\" height=\"592\" src=\"https:\/\/etac.ca\/wp-content\/uploads\/2023\/09\/ETAC-EV-Charger-Battery.png\" class=\"attachment-full size-full wp-image-4081\" alt=\"ETAC-EV-Fast-Charger\" \/>\t\t\t\t\t\t\t\t\t\t\t<figcaption class=\"widget-image-caption wp-caption-text\">ETAC EV DC Cargador R\u00e1pido<\/figcaption>\n\t\t\t\t\t\t\t\t\t\t<\/figure>\n\t\t\t\t\t\t\t\t\t<\/div>\n\t\t\t\t<\/div>\n\t\t\t\t<div class=\"elementor-element elementor-element-9e1164b elementor-widget elementor-widget-image\" data-id=\"9e1164b\" data-element_type=\"widget\" data-e-type=\"widget\" data-widget_type=\"image.default\">\n\t\t\t\t<div class=\"elementor-widget-container\">\n\t\t\t\t\t\t\t\t\t\t\t\t<figure class=\"wp-caption\">\n\t\t\t\t\t\t\t\t\t\t\t<a href=\"https:\/\/etac.ca\/wp-content\/uploads\/2024\/01\/ETAC-EV-Charger-Profile-transformed.jpg\" data-elementor-open-lightbox=\"yes\" data-elementor-lightbox-description=\"ETAC EV Charger diagram highlighting important components and functions\" data-e-action-hash=\"#elementor-action%3Aaction%3Dlightbox%26settings%3DeyJpZCI6Njk4NCwidXJsIjoiaHR0cHM6XC9cL2V0YWMuY2FcL3dwLWNvbnRlbnRcL3VwbG9hZHNcLzIwMjRcLzAxXC9FVEFDLUVWLUNoYXJnZXItUHJvZmlsZS10cmFuc2Zvcm1lZC5qcGcifQ%3D%3D\">\n\t\t\t\t\t\t\t<img decoding=\"async\" width=\"2980\" height=\"2136\" src=\"https:\/\/etac.ca\/wp-content\/uploads\/2024\/01\/ETAC-EV-Charger-Profile-transformed.jpg\" class=\"attachment-full size-full wp-image-6984\" alt=\"ETAC EV Charger diagram\" \/>\t\t\t\t\t\t\t\t<\/a>\n\t\t\t\t\t\t\t\t\t\t\t<figcaption class=\"widget-image-caption wp-caption-text\">ETAC EV Cargador de Perfil<\/figcaption>\n\t\t\t\t\t\t\t\t\t\t<\/figure>\n\t\t\t\t\t\t\t\t\t<\/div>\n\t\t\t\t<\/div>\n\t\t\t\t<div class=\"elementor-element elementor-element-c41d6ad elementor-widget elementor-widget-image\" data-id=\"c41d6ad\" data-element_type=\"widget\" data-e-type=\"widget\" data-widget_type=\"image.default\">\n\t\t\t\t<div class=\"elementor-widget-container\">\n\t\t\t\t\t\t\t\t\t\t\t\t<figure class=\"wp-caption\">\n\t\t\t\t\t\t\t\t\t\t\t<a href=\"https:\/\/etac.ca\/wp-content\/uploads\/2024\/01\/ETAC-EV-Prefabricated-Substation.jpg\" data-elementor-open-lightbox=\"yes\" data-e-action-hash=\"#elementor-action%3Aaction%3Dlightbox%26settings%3DeyJpZCI6Njk3NywidXJsIjoiaHR0cHM6XC9cL2V0YWMuY2FcL3dwLWNvbnRlbnRcL3VwbG9hZHNcLzIwMjRcLzAxXC9FVEFDLUVWLVByZWZhYnJpY2F0ZWQtU3Vic3RhdGlvbi5qcGcifQ%3D%3D\">\n\t\t\t\t\t\t\t<img decoding=\"async\" width=\"960\" height=\"720\" src=\"https:\/\/etac.ca\/wp-content\/uploads\/2024\/01\/ETAC-EV-Prefabricated-Substation.jpg\" class=\"attachment-full size-full wp-image-6977\" alt=\"ETAC-EV-Prefabricated-Substation\" \/>\t\t\t\t\t\t\t\t<\/a>\n\t\t\t\t\t\t\t\t\t\t\t<figcaption class=\"widget-image-caption wp-caption-text\">ETAC EV Prefabricadas de la Subestaci\u00f3n<\/figcaption>\n\t\t\t\t\t\t\t\t\t\t<\/figure>\n\t\t\t\t\t\t\t\t\t<\/div>\n\t\t\t\t<\/div>\n\t\t\t\t<\/div>\n\t\t<div class=\"elementor-element elementor-element-9628040 e-con-full e-flex e-con e-child\" data-id=\"9628040\" data-element_type=\"container\" data-e-type=\"container\">\n\t\t\t\t<div class=\"elementor-element elementor-element-75ed2b1 elementor-widget-tablet__width-inherit elementor-widget__width-inherit elementor-icon-list--layout-traditional elementor-list-item-link-full_width elementor-widget elementor-widget-icon-list\" data-id=\"75ed2b1\" data-element_type=\"widget\" data-e-type=\"widget\" data-widget_type=\"icon-list.default\">\n\t\t\t\t<div class=\"elementor-widget-container\">\n\t\t\t\t\t\t\t<ul class=\"elementor-icon-list-items\">\n\t\t\t\t\t\t\t<li class=\"elementor-icon-list-item\">\n\t\t\t\t\t\t\t\t\t\t\t<span class=\"elementor-icon-list-icon\">\n\t\t\t\t\t\t\t<i aria-hidden=\"true\" class=\"fas fa-charging-station\"><\/i>\t\t\t\t\t\t<\/span>\n\t\t\t\t\t\t\t\t\t\t<span class=\"elementor-icon-list-text\">Dual-puerto DC de Carga<\/span>\n\t\t\t\t\t\t\t\t\t<\/li>\n\t\t\t\t\t\t\t\t<li class=\"elementor-icon-list-item\">\n\t\t\t\t\t\t\t\t\t\t\t<span class=\"elementor-icon-list-icon\">\n\t\t\t\t\t\t\t<i aria-hidden=\"true\" class=\"fas fa-plug\"><\/i>\t\t\t\t\t\t<\/span>\n\t\t\t\t\t\t\t\t\t\t<span class=\"elementor-icon-list-text\">Capacidad de salida de hasta 200KW<\/span>\n\t\t\t\t\t\t\t\t\t<\/li>\n\t\t\t\t\t\t\t\t<li class=\"elementor-icon-list-item\">\n\t\t\t\t\t\t\t\t\t\t\t<span class=\"elementor-icon-list-icon\">\n\t\t\t\t\t\t\t<i aria-hidden=\"true\" class=\"fas fa-laptop\"><\/i>\t\t\t\t\t\t<\/span>\n\t\t\t\t\t\t\t\t\t\t<span class=\"elementor-icon-list-text\">La Interfaz De Usuario De Pantalla<\/span>\n\t\t\t\t\t\t\t\t\t<\/li>\n\t\t\t\t\t\t<\/ul>\n\t\t\t\t\t\t<\/div>\n\t\t\t\t<\/div>\n\t\t\t\t<div class=\"elementor-element elementor-element-616e310 elementor-widget elementor-widget-text-editor\" data-id=\"616e310\" data-element_type=\"widget\" data-e-type=\"widget\" data-widget_type=\"text-editor.default\">\n\t\t\t\t<div class=\"elementor-widget-container\">\n\t\t\t\t\t\t\t\t\t<div id=\"comp-lpcy9e5d\" class=\"BaOVQ8 tz5f0K comp-lpcy9e5d wixui-rich-text\" data-testid=\"richTextElement\"><div id=\"comp-lpju7ifl10\" class=\"BaOVQ8 tz5f0K comp-lpju7ifl10 wixui-rich-text\" data-testid=\"richTextElement\"><div id=\"comp-lpjtdrpa1\" class=\"BaOVQ8 tz5f0K comp-lpjtdrpa1 wixui-rich-text\" data-testid=\"richTextElement\"><p>Nuestro ETAC soluci\u00f3n para EV DC de carga r\u00e1pida de la infraestructura combina un Prefabricadas de la Subestaci\u00f3n y de la Estaci\u00f3n de Carga, proporcionando una completa carga r\u00e1pida de servicio donde sea necesario<\/p><p>Dentro de la ETAC Prefabricadas, puedes encontrar una MV de la Celda de la Habitaci\u00f3n que se conecta directamente a la red de alimentaci\u00f3n. Un 1600kVA, 25kV a 480V transformador. El LV interruptores de habitaci\u00f3n, distribuye la potencia a cinco independiente DC Cargadores R\u00e1pidos.<\/p><p>Cada DC Cargador R\u00e1pido est\u00e1 equipado con dos CCS1 puertos de carga, capaz de entregar hasta 200kW para una r\u00e1pida recarga de veh\u00edculo el\u00e9ctrico.<\/p><\/div><\/div><\/div>\t\t\t\t\t\t\t\t<\/div>\n\t\t\t\t<\/div>\n\t\t\t\t<div class=\"elementor-element elementor-element-d1c02a0 elementor-widget elementor-widget-text-editor\" data-id=\"d1c02a0\" data-element_type=\"widget\" data-e-type=\"widget\" data-widget_type=\"text-editor.default\">\n\t\t\t\t<div class=\"elementor-widget-container\">\n\t\t\t\t\t\t\t\t\t<div id=\"comp-lpcy9e5d\" class=\"BaOVQ8 tz5f0K comp-lpcy9e5d wixui-rich-text\" data-testid=\"richTextElement\"><div id=\"comp-lpju7ifl10\" class=\"BaOVQ8 tz5f0K comp-lpju7ifl10 wixui-rich-text\" data-testid=\"richTextElement\"><div id=\"comp-lpjtdrpa1\" class=\"BaOVQ8 tz5f0K comp-lpjtdrpa1 wixui-rich-text\" data-testid=\"richTextElement\"><p class=\"font_8 wixui-rich-text__text\"><strong>Prefabricados De La Subestaci\u00f3n:<br \/><\/strong><\/p><p class=\"font_8 wixui-rich-text__text\"><strong>Potencia Nominal<\/strong>: 1600kVA<\/p><p class=\"font_8 wixui-rich-text__text\"><strong>Tensi\u00f3n Nominal<\/strong>:<\/p><ul><li class=\"font_8 wixui-rich-text__text\">25\/12.5 kV a 480V<\/li><li class=\"font_8 wixui-rich-text__text\">13.8 kV a 480V<strong> <br \/><\/strong><\/li><\/ul><\/div><\/div><\/div>\t\t\t\t\t\t\t\t<\/div>\n\t\t\t\t<\/div>\n\t\t\t\t<div class=\"elementor-element elementor-element-9d9b76a elementor-widget elementor-widget-text-editor\" data-id=\"9d9b76a\" data-element_type=\"widget\" data-e-type=\"widget\" data-widget_type=\"text-editor.default\">\n\t\t\t\t<div class=\"elementor-widget-container\">\n\t\t\t\t\t\t\t\t\t<p>Nuestro ofrecidos EV cargador es un f\u00e1cil de usar dual-puerto DC Cargador R\u00e1pido, la entrega de hasta 200KW pico de potencia de la carga. Cuenta con una pantalla interactiva de pantalla, lector de tarjetas, medidor de electricidad, m\u00f3dulo de carga, el controlador y armario de protecci\u00f3n, todos ellos respaldados por s\u00f3lidas caracter\u00edsticas de seguridad para un funcionamiento fiable.<\/p>\t\t\t\t\t\t\t\t<\/div>\n\t\t\t\t<\/div>\n\t\t\t\t<div class=\"elementor-element elementor-element-d0fd735 elementor-widget elementor-widget-text-editor\" data-id=\"d0fd735\" data-element_type=\"widget\" data-e-type=\"widget\" data-widget_type=\"text-editor.default\">\n\t\t\t\t<div class=\"elementor-widget-container\">\n\t\t\t\t\t\t\t\t\t<div id=\"comp-lpcy9e5d\" class=\"BaOVQ8 tz5f0K comp-lpcy9e5d wixui-rich-text\" data-testid=\"richTextElement\"><div id=\"comp-lpju7ifl10\" class=\"BaOVQ8 tz5f0K comp-lpju7ifl10 wixui-rich-text\" data-testid=\"richTextElement\"><div id=\"comp-lpjtdrpa1\" class=\"BaOVQ8 tz5f0K comp-lpjtdrpa1 wixui-rich-text\" data-testid=\"richTextElement\"><p class=\"font_8 wixui-rich-text__text\"><strong>Funciones Principales:<\/strong><\/p><ul><li class=\"font_8 wixui-rich-text__text\">Compatibilidad con Am\u00e9rica del Norte de carga est\u00e1ndar de protocolos.<\/li><li class=\"font_8 wixui-rich-text__text\">Soporte en l\u00ednea y fuera de l\u00ednea de carga de CA modos.<\/li><li class=\"font_8 wixui-rich-text__text\">Integrado 4G m\u00f3dulo celular.<\/li><li class=\"font_8 wixui-rich-text__text\">Diagn\u00f3stico en l\u00ednea y capacidades de actualizaci\u00f3n.<\/li><li>Opciones de pago incluyen tarjeta RFID de pago y tarjeta de cr\u00e9dito pre-autorizaci\u00f3n.<\/li><li class=\"font_8 wixui-rich-text__text\">Flexible modos de carga: parada Autom\u00e1tica cuando est\u00e1 completamente cargada (RFID) y de carga de una cantidad fija (tarjeta de cr\u00e9dito).<\/li><\/ul><\/div><\/div><\/div>\t\t\t\t\t\t\t\t<\/div>\n\t\t\t\t<\/div>\n\t\t\t\t<div class=\"elementor-element elementor-element-6ea6a56 elementor-align-center elementor-widget elementor-widget-button\" data-id=\"6ea6a56\" data-element_type=\"widget\" data-e-type=\"widget\" data-widget_type=\"button.default\">\n\t\t\t\t<div class=\"elementor-widget-container\">\n\t\t\t\t\t\t\t\t\t<div class=\"elementor-button-wrapper\">\n\t\t\t\t\t<a class=\"elementor-button elementor-button-link elementor-size-sm\" href=\"https:\/\/etac.ca\/es\/quote\/\">\n\t\t\t\t\t\t<span class=\"elementor-button-content-wrapper\">\n\t\t\t\t\t\t\t\t\t<span class=\"elementor-button-text\">SOLICITAR COTIZACI\u00d3N<\/span>\n\t\t\t\t\t<\/span>\n\t\t\t\t\t<\/a>\n\t\t\t\t<\/div>\n\t\t\t\t\t\t\t\t<\/div>\n\t\t\t\t<\/div>\n\t\t\t\t<\/div>\n\t\t\t\t\t<\/div>\n\t\t\t\t<\/div>\n\t\t\t\t<\/div>","protected":false},"excerpt":{"rendered":"<p>EV DC Fast Charger ETAC EV DC Fast Charging Solution ETAC EV DC Fast Charger ETAC EV Charger Profile ETAC EV Prefabricated Substation Dual-port DC Charging Output capacity up to 200KW User Interface Display Screen Our ETAC solution for EV DC fast charging infrastructure combines a Prefabricated Substation and Charging Station, providing a comprehensive fast [&hellip;]<\/p>\n","protected":false},"author":9,"featured_media":0,"parent":0,"menu_order":0,"comment_status":"closed","ping_status":"closed","template":"elementor_header_footer","meta":{"footnotes":""},"class_list":["post-6515","page","type-page","status-publish","hentry"],"yoast_head":"<!-- This site is optimized with the Yoast SEO plugin v27.4 - https:\/\/yoast.com\/product\/yoast-seo-wordpress\/ -->\n<title>EV DC Fast Charging Solution - ETAC Service &amp; Supply Inc.<\/title>\n<meta name=\"description\" content=\"Discover our cutting-edge ETAC EV DC Fast Charging solution, designed for efficiency and reliability. Learn about our advanced chargers that provide rapid power to electric vehicles, enhancing your charging infrastructure.\" \/>\n<meta name=\"robots\" content=\"index, follow, max-snippet:-1, max-image-preview:large, max-video-preview:-1\" \/>\n<link rel=\"canonical\" href=\"https:\/\/etac.ca\/es\/dc-charger\/\" \/>\n<meta property=\"og:locale\" content=\"es_ES\" \/>\n<meta property=\"og:type\" content=\"article\" \/>\n<meta property=\"og:title\" content=\"EV DC Fast Charging Solution - ETAC Service &amp; Supply Inc.\" \/>\n<meta property=\"og:description\" content=\"Discover our cutting-edge ETAC EV DC Fast Charging solution, designed for efficiency and reliability. Learn about our advanced chargers that provide rapid power to electric vehicles, enhancing your charging infrastructure.\" \/>\n<meta property=\"og:url\" content=\"https:\/\/etac.ca\/es\/dc-charger\/\" \/>\n<meta property=\"og:site_name\" content=\"ETAC Service &amp; Supply Inc.\" \/>\n<meta property=\"article:modified_time\" content=\"2024-09-04T17:31:08+00:00\" \/>\n<meta property=\"og:image\" content=\"https:\/\/etac.ca\/wp-content\/uploads\/2023\/09\/ETAC-EV-Charger-Battery.png\" \/>\n<meta name=\"twitter:card\" content=\"summary_large_image\" \/>\n<meta name=\"twitter:label1\" content=\"Tiempo de lectura\" \/>\n\t<meta name=\"twitter:data1\" content=\"2 minutos\" \/>\n<script type=\"application\/ld+json\" class=\"yoast-schema-graph\">{\"@context\":\"https:\\\/\\\/schema.org\",\"@graph\":[{\"@type\":\"WebPage\",\"@id\":\"https:\\\/\\\/etac.ca\\\/dc-charger\\\/\",\"url\":\"https:\\\/\\\/etac.ca\\\/dc-charger\\\/\",\"name\":\"EV DC Fast Charging Solution - ETAC Service &amp; Supply Inc.\",\"isPartOf\":{\"@id\":\"https:\\\/\\\/74.208.204.112\\\/#website\"},\"primaryImageOfPage\":{\"@id\":\"https:\\\/\\\/etac.ca\\\/dc-charger\\\/#primaryimage\"},\"image\":{\"@id\":\"https:\\\/\\\/etac.ca\\\/dc-charger\\\/#primaryimage\"},\"thumbnailUrl\":\"https:\\\/\\\/etac.ca\\\/wp-content\\\/uploads\\\/2023\\\/09\\\/ETAC-EV-Charger-Battery.png\",\"datePublished\":\"2023-12-20T15:09:11+00:00\",\"dateModified\":\"2024-09-04T17:31:08+00:00\",\"description\":\"Discover our cutting-edge ETAC EV DC Fast Charging solution, designed for efficiency and reliability. Learn about our advanced chargers that provide rapid power to electric vehicles, enhancing your charging infrastructure.\",\"breadcrumb\":{\"@id\":\"https:\\\/\\\/etac.ca\\\/dc-charger\\\/#breadcrumb\"},\"inLanguage\":\"es\",\"potentialAction\":[{\"@type\":\"ReadAction\",\"target\":[\"https:\\\/\\\/etac.ca\\\/dc-charger\\\/\"]}]},{\"@type\":\"ImageObject\",\"inLanguage\":\"es\",\"@id\":\"https:\\\/\\\/etac.ca\\\/dc-charger\\\/#primaryimage\",\"url\":\"https:\\\/\\\/etac.ca\\\/wp-content\\\/uploads\\\/2023\\\/09\\\/ETAC-EV-Charger-Battery.png\",\"contentUrl\":\"https:\\\/\\\/etac.ca\\\/wp-content\\\/uploads\\\/2023\\\/09\\\/ETAC-EV-Charger-Battery.png\"},{\"@type\":\"BreadcrumbList\",\"@id\":\"https:\\\/\\\/etac.ca\\\/dc-charger\\\/#breadcrumb\",\"itemListElement\":[{\"@type\":\"ListItem\",\"position\":1,\"name\":\"Home\",\"item\":\"https:\\\/\\\/etac.ca\\\/\"},{\"@type\":\"ListItem\",\"position\":2,\"name\":\"EV DC Fast Charging Solution\"}]},{\"@type\":\"WebSite\",\"@id\":\"https:\\\/\\\/74.208.204.112\\\/#website\",\"url\":\"https:\\\/\\\/74.208.204.112\\\/\",\"name\":\"ETAC Service and Supply Inc.\",\"description\":\"Electrical Testing Apparatus Commissioning Service and Supply\",\"publisher\":{\"@id\":\"https:\\\/\\\/74.208.204.112\\\/#organization\"},\"potentialAction\":[{\"@type\":\"SearchAction\",\"target\":{\"@type\":\"EntryPoint\",\"urlTemplate\":\"https:\\\/\\\/74.208.204.112\\\/?s={search_term_string}\"},\"query-input\":{\"@type\":\"PropertyValueSpecification\",\"valueRequired\":true,\"valueName\":\"search_term_string\"}}],\"inLanguage\":\"es\"},{\"@type\":\"Organization\",\"@id\":\"https:\\\/\\\/74.208.204.112\\\/#organization\",\"name\":\"ETAC Service and Supply Inc.\",\"url\":\"https:\\\/\\\/74.208.204.112\\\/\",\"logo\":{\"@type\":\"ImageObject\",\"inLanguage\":\"es\",\"@id\":\"https:\\\/\\\/74.208.204.112\\\/#\\\/schema\\\/logo\\\/image\\\/\",\"url\":\"http:\\\/\\\/74.208.204.112\\\/wp-content\\\/uploads\\\/2023\\\/05\\\/symbol-logo.svg\",\"contentUrl\":\"http:\\\/\\\/74.208.204.112\\\/wp-content\\\/uploads\\\/2023\\\/05\\\/symbol-logo.svg\",\"width\":100,\"height\":100,\"caption\":\"ETAC Service and Supply Inc.\"},\"image\":{\"@id\":\"https:\\\/\\\/74.208.204.112\\\/#\\\/schema\\\/logo\\\/image\\\/\"}}]}<\/script>\n<!-- \/ Yoast SEO plugin. -->","yoast_head_json":{"title":"EV DC Fast Charging Solution - ETAC Service &amp; Supply Inc.","description":"Discover our cutting-edge ETAC EV DC Fast Charging solution, designed for efficiency and reliability. Learn about our advanced chargers that provide rapid power to electric vehicles, enhancing your charging infrastructure.","robots":{"index":"index","follow":"follow","max-snippet":"max-snippet:-1","max-image-preview":"max-image-preview:large","max-video-preview":"max-video-preview:-1"},"canonical":"https:\/\/etac.ca\/es\/dc-charger\/","og_locale":"es_ES","og_type":"article","og_title":"EV DC Fast Charging Solution - ETAC Service &amp; Supply Inc.","og_description":"Discover our cutting-edge ETAC EV DC Fast Charging solution, designed for efficiency and reliability. Learn about our advanced chargers that provide rapid power to electric vehicles, enhancing your charging infrastructure.","og_url":"https:\/\/etac.ca\/es\/dc-charger\/","og_site_name":"ETAC Service &amp; Supply Inc.","article_modified_time":"2024-09-04T17:31:08+00:00","og_image":[{"url":"https:\/\/etac.ca\/wp-content\/uploads\/2023\/09\/ETAC-EV-Charger-Battery.png","type":"","width":"","height":""}],"twitter_card":"summary_large_image","twitter_misc":{"Tiempo de lectura":"2 minutos"},"schema":{"@context":"https:\/\/schema.org","@graph":[{"@type":"WebPage","@id":"https:\/\/etac.ca\/dc-charger\/","url":"https:\/\/etac.ca\/dc-charger\/","name":"EV DC Fast Charging Solution - ETAC Service &amp; Supply Inc.","isPartOf":{"@id":"https:\/\/74.208.204.112\/#website"},"primaryImageOfPage":{"@id":"https:\/\/etac.ca\/dc-charger\/#primaryimage"},"image":{"@id":"https:\/\/etac.ca\/dc-charger\/#primaryimage"},"thumbnailUrl":"https:\/\/etac.ca\/wp-content\/uploads\/2023\/09\/ETAC-EV-Charger-Battery.png","datePublished":"2023-12-20T15:09:11+00:00","dateModified":"2024-09-04T17:31:08+00:00","description":"Discover our cutting-edge ETAC EV DC Fast Charging solution, designed for efficiency and reliability. Learn about our advanced chargers that provide rapid power to electric vehicles, enhancing your charging infrastructure.","breadcrumb":{"@id":"https:\/\/etac.ca\/dc-charger\/#breadcrumb"},"inLanguage":"es","potentialAction":[{"@type":"ReadAction","target":["https:\/\/etac.ca\/dc-charger\/"]}]},{"@type":"ImageObject","inLanguage":"es","@id":"https:\/\/etac.ca\/dc-charger\/#primaryimage","url":"https:\/\/etac.ca\/wp-content\/uploads\/2023\/09\/ETAC-EV-Charger-Battery.png","contentUrl":"https:\/\/etac.ca\/wp-content\/uploads\/2023\/09\/ETAC-EV-Charger-Battery.png"},{"@type":"BreadcrumbList","@id":"https:\/\/etac.ca\/dc-charger\/#breadcrumb","itemListElement":[{"@type":"ListItem","position":1,"name":"Home","item":"https:\/\/etac.ca\/"},{"@type":"ListItem","position":2,"name":"EV DC Fast Charging Solution"}]},{"@type":"WebSite","@id":"https:\/\/74.208.204.112\/#website","url":"https:\/\/74.208.204.112\/","name":"ETAC Service and Supply Inc.","description":"Electrical Testing Apparatus Commissioning Service and Supply","publisher":{"@id":"https:\/\/74.208.204.112\/#organization"},"potentialAction":[{"@type":"SearchAction","target":{"@type":"EntryPoint","urlTemplate":"https:\/\/74.208.204.112\/?s={search_term_string}"},"query-input":{"@type":"PropertyValueSpecification","valueRequired":true,"valueName":"search_term_string"}}],"inLanguage":"es"},{"@type":"Organization","@id":"https:\/\/74.208.204.112\/#organization","name":"ETAC Service and Supply Inc.","url":"https:\/\/74.208.204.112\/","logo":{"@type":"ImageObject","inLanguage":"es","@id":"https:\/\/74.208.204.112\/#\/schema\/logo\/image\/","url":"http:\/\/74.208.204.112\/wp-content\/uploads\/2023\/05\/symbol-logo.svg","contentUrl":"http:\/\/74.208.204.112\/wp-content\/uploads\/2023\/05\/symbol-logo.svg","width":100,"height":100,"caption":"ETAC Service and Supply Inc."},"image":{"@id":"https:\/\/74.208.204.112\/#\/schema\/logo\/image\/"}}]}},"_links":{"self":[{"href":"https:\/\/etac.ca\/es\/wp-json\/wp\/v2\/pages\/6515","targetHints":{"allow":["GET"]}}],"collection":[{"href":"https:\/\/etac.ca\/es\/wp-json\/wp\/v2\/pages"}],"about":[{"href":"https:\/\/etac.ca\/es\/wp-json\/wp\/v2\/types\/page"}],"author":[{"embeddable":true,"href":"https:\/\/etac.ca\/es\/wp-json\/wp\/v2\/users\/9"}],"replies":[{"embeddable":true,"href":"https:\/\/etac.ca\/es\/wp-json\/wp\/v2\/comments?post=6515"}],"version-history":[{"count":89,"href":"https:\/\/etac.ca\/es\/wp-json\/wp\/v2\/pages\/6515\/revisions"}],"predecessor-version":[{"id":10392,"href":"https:\/\/etac.ca\/es\/wp-json\/wp\/v2\/pages\/6515\/revisions\/10392"}],"wp:attachment":[{"href":"https:\/\/etac.ca\/es\/wp-json\/wp\/v2\/media?parent=6515"}],"curies":[{"name":"wp","href":"https:\/\/api.w.org\/{rel}","templated":true}]}}