{"id":5509,"date":"2023-12-09T18:38:40","date_gmt":"2023-12-09T18:38:40","guid":{"rendered":"https:\/\/etac.ca\/?page_id=5509"},"modified":"2025-11-20T14:05:13","modified_gmt":"2025-11-20T19:05:13","slug":"about-us","status":"publish","type":"page","link":"https:\/\/etac.ca\/es\/about-us\/","title":{"rendered":"About US"},"content":{"rendered":"<div data-elementor-type=\"wp-page\" data-elementor-id=\"5509\" class=\"elementor elementor-5509\" data-elementor-post-type=\"page\">\n\t\t\t\t<div class=\"elementor-element elementor-element-82529b9 e-flex e-con-boxed e-con e-parent\" data-id=\"82529b9\" data-element_type=\"container\" data-e-type=\"container\" data-settings=\"{&quot;background_background&quot;:&quot;classic&quot;}\">\n\t\t\t\t\t<div class=\"e-con-inner\">\n\t\t\t\t<div class=\"elementor-element elementor-element-9875f9d elementor-widget__width-initial elementor-widget elementor-widget-heading\" data-id=\"9875f9d\" data-element_type=\"widget\" data-e-type=\"widget\" data-widget_type=\"heading.default\">\n\t\t\t\t<div class=\"elementor-widget-container\">\n\t\t\t\t\t<h1 class=\"elementor-heading-title elementor-size-default\">El EMPODERAMIENTO<br> DE AM\u00c9RICA DEL NORTE <br> INDUSTRIAS<\/h1>\t\t\t\t<\/div>\n\t\t\t\t<\/div>\n\t\t\t\t\t<\/div>\n\t\t\t\t<\/div>\n\t\t<div class=\"elementor-element elementor-element-1ee0b3a e-con-full e-flex e-con e-parent\" data-id=\"1ee0b3a\" data-element_type=\"container\" data-e-type=\"container\">\n\t\t<div class=\"elementor-element elementor-element-13a0a56 e-con-full e-flex e-con e-child\" data-id=\"13a0a56\" data-element_type=\"container\" data-e-type=\"container\">\n\t\t\t\t<div class=\"elementor-element elementor-element-0ba7611 elementor-widget elementor-widget-heading\" data-id=\"0ba7611\" data-element_type=\"widget\" data-e-type=\"widget\" data-widget_type=\"heading.default\">\n\t\t\t\t<div class=\"elementor-widget-container\">\n\t\t\t\t\t<h2 class=\"elementor-heading-title elementor-size-default\">Misi\u00f3n<\/h2>\t\t\t\t<\/div>\n\t\t\t\t<\/div>\n\t\t\t\t<div class=\"elementor-element elementor-element-d7e679c elementor-widget__width-initial elementor-widget elementor-widget-text-editor\" data-id=\"d7e679c\" data-element_type=\"widget\" data-e-type=\"widget\" data-widget_type=\"text-editor.default\">\n\t\t\t\t<div class=\"elementor-widget-container\">\n\t\t\t\t\t\t\t\t\tEn ETAC, nos proporcionan la medida de la energ\u00eda de soluciones que se adaptan a las necesidades \u00fanicas de diversos proyectos en la industria manufacturera, la construcci\u00f3n, la industria, los sectores de la energ\u00eda, y las industrias emergentes.\t\t\t\t\t\t\t\t<\/div>\n\t\t\t\t<\/div>\n\t\t\t\t<div class=\"elementor-element elementor-element-0b6c33f elementor-widget elementor-widget-heading\" data-id=\"0b6c33f\" data-element_type=\"widget\" data-e-type=\"widget\" data-widget_type=\"heading.default\">\n\t\t\t\t<div class=\"elementor-widget-container\">\n\t\t\t\t\t<h2 class=\"elementor-heading-title elementor-size-default\">La visi\u00f3n<\/h2>\t\t\t\t<\/div>\n\t\t\t\t<\/div>\n\t\t\t\t<div class=\"elementor-element elementor-element-ac36568 elementor-widget__width-initial elementor-widget elementor-widget-text-editor\" data-id=\"ac36568\" data-element_type=\"widget\" data-e-type=\"widget\" data-widget_type=\"text-editor.default\">\n\t\t\t\t<div class=\"elementor-widget-container\">\n\t\t\t\t\t\t\t\t\tEn la vanguardia de la industria, ETAC aspira a dirigir la energ\u00eda de Am\u00e9rica del Norte sector como un reformador y pionera, la conducci\u00f3n de impacto de los cambios.\t\t\t\t\t\t\t\t<\/div>\n\t\t\t\t<\/div>\n\t\t\t\t<\/div>\n\t\t<div class=\"elementor-element elementor-element-c415a5a e-con-full e-flex e-con e-child\" data-id=\"c415a5a\" data-element_type=\"container\" data-e-type=\"container\" data-settings=\"{&quot;background_background&quot;:&quot;classic&quot;}\">\n\t\t\t\t<div class=\"elementor-element elementor-element-64132ed elementor-widget__width-inherit elementor-widget elementor-widget-image\" data-id=\"64132ed\" data-element_type=\"widget\" data-e-type=\"widget\" data-widget_type=\"image.default\">\n\t\t\t\t<div class=\"elementor-widget-container\">\n\t\t\t\t\t\t\t\t\t\t\t\t\t\t\t<img fetchpriority=\"high\" decoding=\"async\" width=\"800\" height=\"511\" src=\"https:\/\/etac.ca\/wp-content\/uploads\/2025\/01\/MISION-3.jpg\" class=\"attachment-large size-large wp-image-11316\" alt=\"\" \/>\t\t\t\t\t\t\t\t\t\t\t\t\t\t\t<\/div>\n\t\t\t\t<\/div>\n\t\t\t\t<\/div>\n\t\t\t\t<\/div>\n\t\t<div class=\"elementor-element elementor-element-cc95fde e-con-full e-flex e-con e-parent\" data-id=\"cc95fde\" data-element_type=\"container\" data-e-type=\"container\">\n\t\t<div class=\"elementor-element elementor-element-e46bdbd e-con-full e-flex e-con e-child\" data-id=\"e46bdbd\" data-element_type=\"container\" data-e-type=\"container\" data-settings=\"{&quot;background_background&quot;:&quot;classic&quot;}\">\n\t\t\t\t<div class=\"elementor-element elementor-element-d2a9e49 elementor-widget elementor-widget-spacer\" data-id=\"d2a9e49\" data-element_type=\"widget\" data-e-type=\"widget\" data-widget_type=\"spacer.default\">\n\t\t\t\t<div class=\"elementor-widget-container\">\n\t\t\t\t\t\t\t<div class=\"elementor-spacer\">\n\t\t\t<div class=\"elementor-spacer-inner\"><\/div>\n\t\t<\/div>\n\t\t\t\t\t\t<\/div>\n\t\t\t\t<\/div>\n\t\t\t\t<\/div>\n\t\t<div class=\"elementor-element elementor-element-dbf08da e-con-full e-flex e-con e-child\" data-id=\"dbf08da\" data-element_type=\"container\" data-e-type=\"container\">\n\t\t\t\t<div class=\"elementor-element elementor-element-adc7ab7 elementor-widget elementor-widget-heading\" data-id=\"adc7ab7\" data-element_type=\"widget\" data-e-type=\"widget\" data-widget_type=\"heading.default\">\n\t\t\t\t<div class=\"elementor-widget-container\">\n\t\t\t\t\t<h2 class=\"elementor-heading-title elementor-size-default\">Los valores de<\/h2>\t\t\t\t<\/div>\n\t\t\t\t<\/div>\n\t\t\t\t<div class=\"elementor-element elementor-element-3a70209 elementor-widget__width-initial elementor-widget elementor-widget-text-editor\" data-id=\"3a70209\" data-element_type=\"widget\" data-e-type=\"widget\" data-widget_type=\"text-editor.default\">\n\t\t\t\t<div class=\"elementor-widget-container\">\n\t\t\t\t\t\t\t\t\t<p><strong><span style=\"color: #2196f1;\">La sostenibilidad<\/span><\/strong><\/p><p>ETAC de campeones de la conciencia ambiental de las pr\u00e1cticas de<\/p><p><strong><span style=\"color: #2196f1;\">Cliente <span class=\"ui-provider a b c d e f g h i j k l m n o p q r s t u v w x y z ab ac ae af ag ah ai aj ak\" dir=\"ltr\">Centrado<\/span><\/span><\/strong><\/p><p>Damos prioridad a las necesidades de los clientes proporcionando soluciones a medida<\/p><p><strong><span style=\"color: #2196f1;\">Fiabilidad<\/span><\/strong><\/p><p>Mantenemos un compromiso con los m\u00e1s altos est\u00e1ndares de confiabilidad.<\/p><p><strong><span style=\"color: #2196f1;\">Colaboraci\u00f3n<\/span><\/strong><\/p><p>Fomentamos una colaborativo y entorno de trabajo inclusivo<\/p><p><strong><span style=\"color: #2196f1;\">La Participaci\u00f3n De La Comunidad<\/span><\/strong><\/p><p><span class=\"ui-provider a b c d e f g h i j k l m n o p q r s t u v w x y z ab ac ae af ag ah ai aj ak\" dir=\"ltr\">Estamos orgullosos de participar y contribuir a nuestras comunidades.<\/span><\/p>\t\t\t\t\t\t\t\t<\/div>\n\t\t\t\t<\/div>\n\t\t\t\t<\/div>\n\t\t\t\t<\/div>\n\t\t<div class=\"elementor-element elementor-element-b505d95 e-con-full e-flex e-con e-parent\" data-id=\"b505d95\" data-element_type=\"container\" data-e-type=\"container\">\n\t\t<div class=\"elementor-element elementor-element-a24685e e-con-full e-flex e-con e-child\" data-id=\"a24685e\" data-element_type=\"container\" data-e-type=\"container\">\n\t\t\t\t<div class=\"elementor-element elementor-element-f628c5c elementor-widget elementor-widget-heading\" data-id=\"f628c5c\" data-element_type=\"widget\" data-e-type=\"widget\" data-widget_type=\"heading.default\">\n\t\t\t\t<div class=\"elementor-widget-container\">\n\t\t\t\t\t<h2 class=\"elementor-heading-title elementor-size-default\">Nuestro Equipo<\/h2>\t\t\t\t<\/div>\n\t\t\t\t<\/div>\n\t\t\t\t<div class=\"elementor-element elementor-element-935d80f elementor-widget__width-initial elementor-widget elementor-widget-text-editor\" data-id=\"935d80f\" data-element_type=\"widget\" data-e-type=\"widget\" data-widget_type=\"text-editor.default\">\n\t\t\t\t<div class=\"elementor-widget-container\">\n\t\t\t\t\t\t\t\t\tEn ETAC, nuestro logrado equipo es como la columna vertebral de nuestro \u00e9xito, trayendo diferentes experiencias y conocimientos a la vanguardia. A medida que el progreso en conjunto, la diversidad sigue siendo una piedra angular, el fomento de la innovaci\u00f3n dentro de nuestras soluciones. Sus ra\u00edces en una cultura de la inclusi\u00f3n y la camarader\u00eda, cada miembro del equipo contribuye de manera \u00fanica, prosperando en nuestro entorno colaborativo. ETAC, donde la unidad y el crecimiento individual armoniosamente impulsar el \u00e9xito de la empresa.\n\n\t\t\t\t\t\t\t\t<\/div>\n\t\t\t\t<\/div>\n\t\t\t\t<\/div>\n\t\t<div class=\"elementor-element elementor-element-4d126c8 e-con-full e-flex e-con e-child\" data-id=\"4d126c8\" data-element_type=\"container\" data-e-type=\"container\" data-settings=\"{&quot;background_background&quot;:&quot;classic&quot;}\">\n\t\t\t\t<div class=\"elementor-element elementor-element-d2af8a1 elementor-widget elementor-widget-spacer\" data-id=\"d2af8a1\" data-element_type=\"widget\" data-e-type=\"widget\" data-widget_type=\"spacer.default\">\n\t\t\t\t<div class=\"elementor-widget-container\">\n\t\t\t\t\t\t\t<div class=\"elementor-spacer\">\n\t\t\t<div class=\"elementor-spacer-inner\"><\/div>\n\t\t<\/div>\n\t\t\t\t\t\t<\/div>\n\t\t\t\t<\/div>\n\t\t\t\t<\/div>\n\t\t\t\t<\/div>\n\t\t<div class=\"elementor-element elementor-element-33ac411 e-con-full e-flex e-con e-parent\" data-id=\"33ac411\" data-element_type=\"container\" data-e-type=\"container\">\n\t\t<div class=\"elementor-element elementor-element-9f6f346 e-con-full e-flex e-con e-child\" data-id=\"9f6f346\" data-element_type=\"container\" data-e-type=\"container\" data-settings=\"{&quot;background_background&quot;:&quot;classic&quot;}\">\n\t\t\t\t<div class=\"elementor-element elementor-element-517689d elementor-widget__width-inherit elementor-widget elementor-widget-image\" data-id=\"517689d\" data-element_type=\"widget\" data-e-type=\"widget\" data-widget_type=\"image.default\">\n\t\t\t\t<div class=\"elementor-widget-container\">\n\t\t\t\t\t\t\t\t\t\t\t\t\t\t\t<img decoding=\"async\" width=\"800\" height=\"600\" src=\"https:\/\/etac.ca\/wp-content\/uploads\/2024\/05\/ETAC-Onsite-Commissioning.jpg\" class=\"attachment-large size-large wp-image-8473\" alt=\"Transformer Onsite Commissioning Service in Manitoba, 2023\" \/>\t\t\t\t\t\t\t\t\t\t\t\t\t\t\t<\/div>\n\t\t\t\t<\/div>\n\t\t\t\t<\/div>\n\t\t<div class=\"elementor-element elementor-element-63d1588 e-con-full e-flex e-con e-child\" data-id=\"63d1588\" data-element_type=\"container\" data-e-type=\"container\">\n\t\t\t\t<div class=\"elementor-element elementor-element-35a5e8c elementor-widget elementor-widget-heading\" data-id=\"35a5e8c\" data-element_type=\"widget\" data-e-type=\"widget\" data-widget_type=\"heading.default\">\n\t\t\t\t<div class=\"elementor-widget-container\">\n\t\t\t\t\t<h2 class=\"elementor-heading-title elementor-size-default\">Carrera<\/h2>\t\t\t\t<\/div>\n\t\t\t\t<\/div>\n\t\t\t\t<div class=\"elementor-element elementor-element-edc9499 elementor-widget elementor-widget-heading\" data-id=\"edc9499\" data-element_type=\"widget\" data-e-type=\"widget\" data-widget_type=\"heading.default\">\n\t\t\t\t<div class=\"elementor-widget-container\">\n\t\t\t\t\t<h3 class=\"elementor-heading-title elementor-size-default\">Avanzar en Su Carrera con ETAC<\/h3>\t\t\t\t<\/div>\n\t\t\t\t<\/div>\n\t\t\t\t<div class=\"elementor-element elementor-element-9e6d6b9 elementor-widget__width-initial elementor-widget elementor-widget-text-editor\" data-id=\"9e6d6b9\" data-element_type=\"widget\" data-e-type=\"widget\" data-widget_type=\"text-editor.default\">\n\t\t\t\t<div class=\"elementor-widget-container\">\n\t\t\t\t\t\t\t\t\t<p>Presentar su solicitud para ser parte de nuestro talento, y vamos a seguir su perfil en cuenta para futuras funciones que coincidan con sus calificaciones. Enviar su curriculum vitae a <a href=\"mailto:recruitment@etac.ca\" target=\"_blank\" rel=\"noopener\">recruitment@etac.ca<\/a><\/p><p><\/p>\t\t\t\t\t\t\t\t<\/div>\n\t\t\t\t<\/div>\n\t\t\t\t<div class=\"elementor-element elementor-element-813641d elementor-widget__width-initial elementor-widget elementor-widget-text-editor\" data-id=\"813641d\" data-element_type=\"widget\" data-e-type=\"widget\" data-widget_type=\"text-editor.default\">\n\t\t\t\t<div class=\"elementor-widget-container\">\n\t\t\t\t\t\t\t\t\t<h6>Para las oportunidades actuales, por favor visite nuestra <a href=\"https:\/\/etac.ca\/es\/about-us\/etac-career\/\">ETAC Carreras<\/a> p\u00e1gina.<\/h6>\t\t\t\t\t\t\t\t<\/div>\n\t\t\t\t<\/div>\n\t\t\t\t<div class=\"elementor-element elementor-element-51456ca elementor-align-center elementor-mobile-align-center elementor-widget elementor-widget-button\" data-id=\"51456ca\" data-element_type=\"widget\" data-e-type=\"widget\" data-widget_type=\"button.default\">\n\t\t\t\t<div class=\"elementor-widget-container\">\n\t\t\t\t\t\t\t\t\t<div class=\"elementor-button-wrapper\">\n\t\t\t\t\t<a class=\"elementor-button elementor-button-link elementor-size-sm\" href=\"mailto:recruitment@etac.ca\">\n\t\t\t\t\t\t<span class=\"elementor-button-content-wrapper\">\n\t\t\t\t\t\t\t\t\t<span class=\"elementor-button-text\">\u00daNETE A NOSOTROS<\/span>\n\t\t\t\t\t<\/span>\n\t\t\t\t\t<\/a>\n\t\t\t\t<\/div>\n\t\t\t\t\t\t\t\t<\/div>\n\t\t\t\t<\/div>\n\t\t\t\t<\/div>\n\t\t\t\t<\/div>\n\t\t<div class=\"elementor-element elementor-element-407749b e-con-full e-flex e-con e-parent\" data-id=\"407749b\" data-element_type=\"container\" data-e-type=\"container\">\n\t\t<div class=\"elementor-element elementor-element-9788ded e-con-full e-flex e-con e-child\" data-id=\"9788ded\" data-element_type=\"container\" data-e-type=\"container\">\n\t\t\t\t<div class=\"elementor-element elementor-element-23ec15e elementor-widget elementor-widget-heading\" data-id=\"23ec15e\" data-element_type=\"widget\" data-e-type=\"widget\" data-widget_type=\"heading.default\">\n\t\t\t\t<div class=\"elementor-widget-container\">\n\t\t\t\t\t<h2 class=\"elementor-heading-title elementor-size-default\">Nuestras Oficinas<\/h2>\t\t\t\t<\/div>\n\t\t\t\t<\/div>\n\t\t\t\t<div class=\"elementor-element elementor-element-c1c19ce elementor-widget__width-initial elementor-widget elementor-widget-text-editor\" data-id=\"c1c19ce\" data-element_type=\"widget\" data-e-type=\"widget\" data-widget_type=\"text-editor.default\">\n\t\t\t\t<div class=\"elementor-widget-container\">\n\t\t\t\t\t\t\t\t\t<h4><strong>Winnipeg \u2013 Jefe De La Oficina De<\/strong><\/h4><p><span>38 Terracon Pl<\/span><\/p><p>Winnipeg, MB, Canad\u00e1<\/p><p>R2J 4G7<\/p>\t\t\t\t\t\t\t\t<\/div>\n\t\t\t\t<\/div>\n\t\t\t\t<\/div>\n\t\t<div class=\"elementor-element elementor-element-e3fbbfa e-con-full e-flex e-con e-child\" data-id=\"e3fbbfa\" data-element_type=\"container\" data-e-type=\"container\" data-settings=\"{&quot;background_background&quot;:&quot;classic&quot;}\">\n\t\t\t\t<div class=\"elementor-element elementor-element-8cf52e2 elementor-widget__width-inherit elementor-widget elementor-widget-image\" data-id=\"8cf52e2\" data-element_type=\"widget\" data-e-type=\"widget\" data-widget_type=\"image.default\">\n\t\t\t\t<div class=\"elementor-widget-container\">\n\t\t\t\t\t\t\t\t\t\t\t\t\t\t\t<img decoding=\"async\" width=\"800\" height=\"555\" src=\"https:\/\/etac.ca\/wp-content\/uploads\/2025\/02\/ETAC-HEAD-OFFICE.png\" class=\"attachment-large size-large wp-image-11340\" alt=\"Front view of the ETAC head office in Winnipeg, Canada, with the company logo displayed on the facade.\" \/>\t\t\t\t\t\t\t\t\t\t\t\t\t\t\t<\/div>\n\t\t\t\t<\/div>\n\t\t\t\t<\/div>\n\t\t\t\t<\/div>\n\t\t<div class=\"elementor-element elementor-element-59e1912 e-con-full e-flex e-con e-parent\" data-id=\"59e1912\" data-element_type=\"container\" data-e-type=\"container\">\n\t\t<div class=\"elementor-element elementor-element-af6ae5e e-con-full e-flex e-con e-child\" data-id=\"af6ae5e\" data-element_type=\"container\" data-e-type=\"container\" data-settings=\"{&quot;background_background&quot;:&quot;classic&quot;}\">\n\t\t\t\t<div class=\"elementor-element elementor-element-5735874 elementor-widget__width-inherit elementor-widget elementor-widget-image\" data-id=\"5735874\" data-element_type=\"widget\" data-e-type=\"widget\" data-widget_type=\"image.default\">\n\t\t\t\t<div class=\"elementor-widget-container\">\n\t\t\t\t\t\t\t\t\t\t\t\t\t\t\t<img loading=\"lazy\" decoding=\"async\" width=\"800\" height=\"497\" src=\"https:\/\/etac.ca\/wp-content\/uploads\/2025\/11\/ETAC-Vancouver-Branch.png\" class=\"attachment-large size-large wp-image-18040\" alt=\"\" \/>\t\t\t\t\t\t\t\t\t\t\t\t\t\t\t<\/div>\n\t\t\t\t<\/div>\n\t\t\t\t<\/div>\n\t\t<div class=\"elementor-element elementor-element-cb992c6 e-con-full e-flex e-con e-child\" data-id=\"cb992c6\" data-element_type=\"container\" data-e-type=\"container\">\n\t\t\t\t<div class=\"elementor-element elementor-element-a3146b5 elementor-widget__width-initial elementor-widget elementor-widget-text-editor\" data-id=\"a3146b5\" data-element_type=\"widget\" data-e-type=\"widget\" data-widget_type=\"text-editor.default\">\n\t\t\t\t<div class=\"elementor-widget-container\">\n\t\t\t\t\t\t\t\t\t<h4><strong>Vancouver \u2013 Rama<\/strong><\/h4><p>313-3602 Gilmore Manera<\/p><p>Burnaby, BC, Canad\u00e1<\/p><p>V5H 4G5<\/p>\t\t\t\t\t\t\t\t<\/div>\n\t\t\t\t<\/div>\n\t\t\t\t<\/div>\n\t\t\t\t<\/div>\n\t\t\t\t<\/div>","protected":false},"excerpt":{"rendered":"<p>EMPOWERING NORTH AMERICAN INDUSTRIES Mission At ETAC, we provide tailored energy solutions that cater to the unique needs of diverse projects in manufacturing, construction, industrial, energy sectors, and emerging industries. Vision At the industry forefront, ETAC aspires to lead the North American energy sector as a reformer and pioneer, driving impactful changes. Values Sustainability ETAC [&hellip;]<\/p>\n","protected":false},"author":9,"featured_media":0,"parent":0,"menu_order":0,"comment_status":"closed","ping_status":"closed","template":"","meta":{"footnotes":""},"class_list":["post-5509","page","type-page","status-publish","hentry"],"yoast_head":"<!-- This site is optimized with the Yoast SEO plugin v27.4 - https:\/\/yoast.com\/product\/yoast-seo-wordpress\/ -->\n<title>About US - ETAC Service &amp; Supply Inc.<\/title>\n<meta name=\"description\" content=\"About us. Explore ETAC a leading transformer manufacturer in North America with 70+ years of engineer expertise and a commitment to quality.\" \/>\n<meta name=\"robots\" content=\"index, follow, max-snippet:-1, max-image-preview:large, max-video-preview:-1\" \/>\n<link rel=\"canonical\" href=\"https:\/\/etac.ca\/es\/about-us\/\" \/>\n<meta property=\"og:locale\" content=\"es_ES\" \/>\n<meta property=\"og:type\" content=\"article\" \/>\n<meta property=\"og:title\" content=\"About US - ETAC Service &amp; Supply Inc.\" \/>\n<meta property=\"og:description\" content=\"About us. Explore ETAC a leading transformer manufacturer in North America with 70+ years of engineer expertise and a commitment to quality.\" \/>\n<meta property=\"og:url\" content=\"https:\/\/etac.ca\/es\/about-us\/\" \/>\n<meta property=\"og:site_name\" content=\"ETAC Service &amp; Supply Inc.\" \/>\n<meta property=\"article:modified_time\" content=\"2025-11-20T19:05:13+00:00\" \/>\n<meta property=\"og:image\" content=\"https:\/\/etac.ca\/wp-content\/uploads\/2025\/01\/MISION-3.jpg\" \/>\n<meta name=\"twitter:card\" content=\"summary_large_image\" \/>\n<meta name=\"twitter:label1\" content=\"Tiempo de lectura\" \/>\n\t<meta name=\"twitter:data1\" content=\"2 minutos\" \/>\n<script type=\"application\/ld+json\" class=\"yoast-schema-graph\">{\"@context\":\"https:\\\/\\\/schema.org\",\"@graph\":[{\"@type\":\"WebPage\",\"@id\":\"https:\\\/\\\/etac.ca\\\/about-us\\\/\",\"url\":\"https:\\\/\\\/etac.ca\\\/about-us\\\/\",\"name\":\"About US - ETAC Service &amp; Supply Inc.\",\"isPartOf\":{\"@id\":\"https:\\\/\\\/74.208.204.112\\\/#website\"},\"primaryImageOfPage\":{\"@id\":\"https:\\\/\\\/etac.ca\\\/about-us\\\/#primaryimage\"},\"image\":{\"@id\":\"https:\\\/\\\/etac.ca\\\/about-us\\\/#primaryimage\"},\"thumbnailUrl\":\"https:\\\/\\\/etac.ca\\\/wp-content\\\/uploads\\\/2025\\\/01\\\/MISION-3.jpg\",\"datePublished\":\"2023-12-09T18:38:40+00:00\",\"dateModified\":\"2025-11-20T19:05:13+00:00\",\"description\":\"About us. Explore ETAC a leading transformer manufacturer in North America with 70+ years of engineer expertise and a commitment to quality.\",\"breadcrumb\":{\"@id\":\"https:\\\/\\\/etac.ca\\\/about-us\\\/#breadcrumb\"},\"inLanguage\":\"es\",\"potentialAction\":[{\"@type\":\"ReadAction\",\"target\":[\"https:\\\/\\\/etac.ca\\\/about-us\\\/\"]}]},{\"@type\":\"ImageObject\",\"inLanguage\":\"es\",\"@id\":\"https:\\\/\\\/etac.ca\\\/about-us\\\/#primaryimage\",\"url\":\"https:\\\/\\\/etac.ca\\\/wp-content\\\/uploads\\\/2025\\\/01\\\/MISION-3.jpg\",\"contentUrl\":\"https:\\\/\\\/etac.ca\\\/wp-content\\\/uploads\\\/2025\\\/01\\\/MISION-3.jpg\"},{\"@type\":\"BreadcrumbList\",\"@id\":\"https:\\\/\\\/etac.ca\\\/about-us\\\/#breadcrumb\",\"itemListElement\":[{\"@type\":\"ListItem\",\"position\":1,\"name\":\"Home\",\"item\":\"https:\\\/\\\/etac.ca\\\/\"},{\"@type\":\"ListItem\",\"position\":2,\"name\":\"About US\"}]},{\"@type\":\"WebSite\",\"@id\":\"https:\\\/\\\/74.208.204.112\\\/#website\",\"url\":\"https:\\\/\\\/74.208.204.112\\\/\",\"name\":\"ETAC Service and Supply Inc.\",\"description\":\"Electrical Testing Apparatus Commissioning Service and Supply\",\"publisher\":{\"@id\":\"https:\\\/\\\/74.208.204.112\\\/#organization\"},\"potentialAction\":[{\"@type\":\"SearchAction\",\"target\":{\"@type\":\"EntryPoint\",\"urlTemplate\":\"https:\\\/\\\/74.208.204.112\\\/?s={search_term_string}\"},\"query-input\":{\"@type\":\"PropertyValueSpecification\",\"valueRequired\":true,\"valueName\":\"search_term_string\"}}],\"inLanguage\":\"es\"},{\"@type\":\"Organization\",\"@id\":\"https:\\\/\\\/74.208.204.112\\\/#organization\",\"name\":\"ETAC Service and Supply Inc.\",\"url\":\"https:\\\/\\\/74.208.204.112\\\/\",\"logo\":{\"@type\":\"ImageObject\",\"inLanguage\":\"es\",\"@id\":\"https:\\\/\\\/74.208.204.112\\\/#\\\/schema\\\/logo\\\/image\\\/\",\"url\":\"http:\\\/\\\/74.208.204.112\\\/wp-content\\\/uploads\\\/2023\\\/05\\\/symbol-logo.svg\",\"contentUrl\":\"http:\\\/\\\/74.208.204.112\\\/wp-content\\\/uploads\\\/2023\\\/05\\\/symbol-logo.svg\",\"width\":100,\"height\":100,\"caption\":\"ETAC Service and Supply Inc.\"},\"image\":{\"@id\":\"https:\\\/\\\/74.208.204.112\\\/#\\\/schema\\\/logo\\\/image\\\/\"}}]}<\/script>\n<!-- \/ Yoast SEO plugin. -->","yoast_head_json":{"title":"About US - ETAC Service &amp; Supply Inc.","description":"About us. Explore ETAC a leading transformer manufacturer in North America with 70+ years of engineer expertise and a commitment to quality.","robots":{"index":"index","follow":"follow","max-snippet":"max-snippet:-1","max-image-preview":"max-image-preview:large","max-video-preview":"max-video-preview:-1"},"canonical":"https:\/\/etac.ca\/es\/about-us\/","og_locale":"es_ES","og_type":"article","og_title":"About US - ETAC Service &amp; Supply Inc.","og_description":"About us. Explore ETAC a leading transformer manufacturer in North America with 70+ years of engineer expertise and a commitment to quality.","og_url":"https:\/\/etac.ca\/es\/about-us\/","og_site_name":"ETAC Service &amp; Supply Inc.","article_modified_time":"2025-11-20T19:05:13+00:00","og_image":[{"url":"https:\/\/etac.ca\/wp-content\/uploads\/2025\/01\/MISION-3.jpg","type":"","width":"","height":""}],"twitter_card":"summary_large_image","twitter_misc":{"Tiempo de lectura":"2 minutos"},"schema":{"@context":"https:\/\/schema.org","@graph":[{"@type":"WebPage","@id":"https:\/\/etac.ca\/about-us\/","url":"https:\/\/etac.ca\/about-us\/","name":"About US - ETAC Service &amp; Supply Inc.","isPartOf":{"@id":"https:\/\/74.208.204.112\/#website"},"primaryImageOfPage":{"@id":"https:\/\/etac.ca\/about-us\/#primaryimage"},"image":{"@id":"https:\/\/etac.ca\/about-us\/#primaryimage"},"thumbnailUrl":"https:\/\/etac.ca\/wp-content\/uploads\/2025\/01\/MISION-3.jpg","datePublished":"2023-12-09T18:38:40+00:00","dateModified":"2025-11-20T19:05:13+00:00","description":"About us. Explore ETAC a leading transformer manufacturer in North America with 70+ years of engineer expertise and a commitment to quality.","breadcrumb":{"@id":"https:\/\/etac.ca\/about-us\/#breadcrumb"},"inLanguage":"es","potentialAction":[{"@type":"ReadAction","target":["https:\/\/etac.ca\/about-us\/"]}]},{"@type":"ImageObject","inLanguage":"es","@id":"https:\/\/etac.ca\/about-us\/#primaryimage","url":"https:\/\/etac.ca\/wp-content\/uploads\/2025\/01\/MISION-3.jpg","contentUrl":"https:\/\/etac.ca\/wp-content\/uploads\/2025\/01\/MISION-3.jpg"},{"@type":"BreadcrumbList","@id":"https:\/\/etac.ca\/about-us\/#breadcrumb","itemListElement":[{"@type":"ListItem","position":1,"name":"Home","item":"https:\/\/etac.ca\/"},{"@type":"ListItem","position":2,"name":"About US"}]},{"@type":"WebSite","@id":"https:\/\/74.208.204.112\/#website","url":"https:\/\/74.208.204.112\/","name":"ETAC Service and Supply Inc.","description":"Electrical Testing Apparatus Commissioning Service and Supply","publisher":{"@id":"https:\/\/74.208.204.112\/#organization"},"potentialAction":[{"@type":"SearchAction","target":{"@type":"EntryPoint","urlTemplate":"https:\/\/74.208.204.112\/?s={search_term_string}"},"query-input":{"@type":"PropertyValueSpecification","valueRequired":true,"valueName":"search_term_string"}}],"inLanguage":"es"},{"@type":"Organization","@id":"https:\/\/74.208.204.112\/#organization","name":"ETAC Service and Supply Inc.","url":"https:\/\/74.208.204.112\/","logo":{"@type":"ImageObject","inLanguage":"es","@id":"https:\/\/74.208.204.112\/#\/schema\/logo\/image\/","url":"http:\/\/74.208.204.112\/wp-content\/uploads\/2023\/05\/symbol-logo.svg","contentUrl":"http:\/\/74.208.204.112\/wp-content\/uploads\/2023\/05\/symbol-logo.svg","width":100,"height":100,"caption":"ETAC Service and Supply Inc."},"image":{"@id":"https:\/\/74.208.204.112\/#\/schema\/logo\/image\/"}}]}},"_links":{"self":[{"href":"https:\/\/etac.ca\/es\/wp-json\/wp\/v2\/pages\/5509","targetHints":{"allow":["GET"]}}],"collection":[{"href":"https:\/\/etac.ca\/es\/wp-json\/wp\/v2\/pages"}],"about":[{"href":"https:\/\/etac.ca\/es\/wp-json\/wp\/v2\/types\/page"}],"author":[{"embeddable":true,"href":"https:\/\/etac.ca\/es\/wp-json\/wp\/v2\/users\/9"}],"replies":[{"embeddable":true,"href":"https:\/\/etac.ca\/es\/wp-json\/wp\/v2\/comments?post=5509"}],"version-history":[{"count":327,"href":"https:\/\/etac.ca\/es\/wp-json\/wp\/v2\/pages\/5509\/revisions"}],"predecessor-version":[{"id":18047,"href":"https:\/\/etac.ca\/es\/wp-json\/wp\/v2\/pages\/5509\/revisions\/18047"}],"wp:attachment":[{"href":"https:\/\/etac.ca\/es\/wp-json\/wp\/v2\/media?parent=5509"}],"curies":[{"name":"wp","href":"https:\/\/api.w.org\/{rel}","templated":true}]}}